{"id":9363,"date":"2019-11-09T19:21:56","date_gmt":"2019-11-09T18:21:56","guid":{"rendered":"https:\/\/henkovac.com\/solutions-demballage\/bacs-de-retraction\/adt-60-80-automatic-control\/"},"modified":"2020-03-26T13:56:49","modified_gmt":"2020-03-26T12:56:49","slug":"adt-60-80-controle-automatique","status":"publish","type":"page","link":"https:\/\/henkovac.com\/fr\/solutions-demballage\/bacs-de-retraction\/adt-60-80-controle-automatique\/","title":{"rendered":"ADT-60-80 contr\u00f4le automatique"},"content":{"rendered":"<p>[vc_row type=\u00a0\u00bbfull_width_background\u00a0\u00bb bg_color=\u00a0\u00bb#f9f9f9&Prime;][vc_column][vc_row_inner][vc_column_inner][vc_custom_heading text=\u00a0\u00bbPour les emballages r\u00e9tractables\u00a0\u00bb font_container=\u00a0\u00bbtag:h2|font_size:16|text_align:center|color:%235e5e5e|line_height:1.2&Prime; use_theme_fonts=\u00a0\u00bbyes\u00a0\u00bb css=\u00a0\u00bb.vc_custom_1585042428959{margin-top: -35px !important;}\u00a0\u00bb][vc_empty_space height=\u00a0\u00bb20&Prime;][vc_custom_heading text=\u00a0\u00bbHENKOVAC BACS DE R\u00c9TRACTION ADT 60-80&Prime; font_container=\u00a0\u00bbtag:h1|font_size:40|text_align:center|color:%23494949&Prime; use_theme_fonts=\u00a0\u00bbyes\u00a0\u00bb][vc_empty_space height=\u00a0\u00bb20&Prime;][vc_text_separator title=\u00a0\u00bbBAC DE R\u00c9TRACTION CONTR\u00d4L\u00c9 PAR SENSOR\u00a0\u00bb css=\u00a0\u00bb.vc_custom_1585042463125{margin-bottom: -35px !important;}\u00a0\u00bb][\/vc_column_inner][\/vc_row_inner][\/vc_column][\/vc_row][vc_row type=\u00a0\u00bbfull_width_background\u00a0\u00bb bg_color=\u00a0\u00bb#f3f5f4&Prime; full_width=\u00a0\u00bb\u00a0\u00bb parallax=\u00a0\u00bb\u00a0\u00bb parallax_image=\u00a0\u00bb\u00a0\u00bb][vc_column width=\u00a0\u00bb1\/4&Prime;][vc_column_text]<\/p>\n<p class=\"p1\"><strong>Machine dimension :<br \/>\n<\/strong>1050 x 700 x 1550 mm<\/p>\n<p class=\"p1\"><strong>Dimension du plateau :<\/strong><br \/>\n570 x 400 mm<\/p>\n<p class=\"p1\"><strong>Profondeur de l&rsquo;immersion :<\/strong><br \/>\n300 mm<\/p>\n<p class=\"p1\"><strong>Hauteur produit max :<\/strong><br \/>\n250 mm<\/p>\n<p class=\"p1\"><strong>Volume de l&rsquo;eau :<\/strong><br \/>\n70 ltr<\/p>\n<p class=\"p1\"><strong>Poids produit max :<\/strong><br \/>\n20 kg<\/p>\n<p>[\/vc_column_text][vc_empty_space height=\u00a0\u00bb5&Prime;][\/vc_column][vc_column width=\u00a0\u00bb1\/2&Prime; css=\u00a0\u00bb.vc_custom_1568117544972{margin-top: -30px !important;}\u00a0\u00bb][vc_single_image image=\u00a0\u00bb4888&Prime; img_size=\u00a0\u00bblarge\u00a0\u00bb alignment=\u00a0\u00bbcenter\u00a0\u00bb][vc_btn title=\u00a0\u00bbSP\u00c9CIFICATIONS TECHNIQUES\u00a0\u00bb style=\u00a0\u00bbflat\u00a0\u00bb shape=\u00a0\u00bbsquare\u00a0\u00bb color=\u00a0\u00bbinfo\u00a0\u00bb align=\u00a0\u00bbcenter\u00a0\u00bb i_align=\u00a0\u00bbright\u00a0\u00bb i_type=\u00a0\u00bbopeniconic\u00a0\u00bb i_icon_openiconic=\u00a0\u00bbvc-oi vc-oi-down-circle\u00a0\u00bb button_block=\u00a0\u00bbtrue\u00a0\u00bb add_icon=\u00a0\u00bbtrue\u00a0\u00bb link=\u00a0\u00bburl:https%3A%2F%2Fhenkovac.com%2Fwp-content%2Fuploads%2F2019%2F11%2FHV-IMMERSION-TANKS-FR-LR.pdf||target:%20_blank|\u00a0\u00bb][vc_btn title=\u00a0\u00bbT\u00c9L\u00c9CHARGER LA BROCHURE\u00a0\u00bb style=\u00a0\u00bbflat\u00a0\u00bb shape=\u00a0\u00bbsquare\u00a0\u00bb align=\u00a0\u00bbcenter\u00a0\u00bb i_align=\u00a0\u00bbright\u00a0\u00bb i_type=\u00a0\u00bbopeniconic\u00a0\u00bb i_icon_openiconic=\u00a0\u00bbvc-oi vc-oi-down-circle\u00a0\u00bb button_block=\u00a0\u00bbtrue\u00a0\u00bb add_icon=\u00a0\u00bbtrue\u00a0\u00bb link=\u00a0\u00bburl:https%3A%2F%2Fhenkovac.com%2Fwp-content%2Fuploads%2F2020%2F03%2FHV-Corporate-Brochure-FR.pdf||target:%20_blank|\u00a0\u00bb][\/vc_column][vc_column width=\u00a0\u00bb1\/4&Prime; css=\u00a0\u00bb.vc_custom_1568200366461{border-left-width: 1px !important;border-left-color: #d6d8d7 !important;border-left-style: solid !important;}\u00a0\u00bb][vc_column_text]<strong>Toutes les options<\/strong>[\/vc_column_text][list icon=\u00a0\u00bbsteadysets-icon-star\u00a0\u00bb][list_item title=\u00a0\u00bbPlateforme rouleaux fous\u00a0\u00bb][list_item title=\u00a0\u00bbPlaque de couverture protection plateforme\u00a0\u00bb][list_item title=\u00a0\u00bbH\u00f4tte avec rideau sur 3 c\u00f4t\u00e9s\u00a0\u00bb][list_item title=\u00a0\u00bbRemplissage d&rsquo;eau automatique\u00a0\u00bb][list_item title=\u00a0\u00bbP\u00e9dale de d\u00e9clanchement\u00a0\u00bb][list_item title=\u00a0\u00bbDur\u00e9e de l&rsquo;immersion contr\u00f4l\u00e9\u00a0\u00bb][\/list][vc_column_text]<\/p>\n<p style=\"text-align: left;\">\n<div\n\tclass=\"yith-ywraq-add-to-quote add-to-quote-4982\" >\n\t\t<div class=\"yith-ywraq-add-button show\" style=\"display:block\"  data-product_id=\"4982\">\n\t\t\n<a href=\"#\" class=\"add-request-quote-button button\" data-product_id=\"4982\" data-wp_nonce=\"cd35a09cf4\" >\n\t\t\t\tAjouter\t<\/a>\n\t<\/div>\n\t<div\n\t\tclass=\"yith_ywraq_add_item_product-response-4982 yith_ywraq_add_item_product_message hide hide-when-removed\"\n\t\tstyle=\"display:none\" data-product_id=\"4982\"><\/div>\n\t<div\n\t\tclass=\"yith_ywraq_add_item_response-4982 yith_ywraq_add_item_response_message hide hide-when-removed\"\n\t\tdata-product_id=\"4982\"\n\t\tstyle=\"display:none\">Ce produit figure d\u00e9j\u00e0 dans votre liste de quotas.<\/div>\n\t<div\n\t\tclass=\"yith_ywraq_add_item_browse-list-4982 yith_ywraq_add_item_browse_message  hide hide-when-removed\"\n\t\tstyle=\"display:none\"\n\t\tdata-product_id=\"4982\"><a\n\t\t\thref=\"https:\/\/henkovac.com\/fr\/liste-de-souhaits\/\">Voir la liste des citations<\/a><\/div>\n\n<\/div>\n\n<div class=\"clear\"><\/div>\n<p>[\/vc_column_text][\/vc_column][\/vc_row][vc_row full_width=\u00a0\u00bb\u00a0\u00bb parallax=\u00a0\u00bb\u00a0\u00bb parallax_image=\u00a0\u00bb\u00a0\u00bb][vc_column width=\u00a0\u00bb1\/3&Prime; css=\u00a0\u00bb.vc_custom_1568118419395{border-top-width: 1px !important;border-top-color: #d1d1d1 !important;border-top-style: solid !important;}\u00a0\u00bb][vc_empty_space][vc_custom_heading text=\u00a0\u00bbCertifi\u00e9 CE et ETL\u00a0\u00bb font_container=\u00a0\u00bbtag:h2|font_size:22|text_align:left\u00a0\u00bb use_theme_fonts=\u00a0\u00bbyes\u00a0\u00bb][vc_empty_space height=\u00a0\u00bb15&Prime;][vc_column_text]<\/p>\n<div class=\"col-lg-4\">\n<div class=\"media\">\n<div class=\"media__content\">\n<p>Les \u00e9quipements Henkovac sont certifi\u00e9s ETL et conformes aux normes UL, NSF et CE<\/p>\n<\/div>\n<\/div>\n<\/div>\n<div class=\"col-lg-4\">\n<div class=\"media\">\n<div class=\"media__icon\"><\/div>\n<\/div>\n<\/div>\n<p>[\/vc_column_text][\/vc_column][vc_column width=\u00a0\u00bb1\/3&Prime; css=\u00a0\u00bb.vc_custom_1568118428707{border-top-width: 1px !important;border-top-color: #d8d8d8 !important;border-top-style: solid !important;}\u00a0\u00bb][vc_empty_space][vc_custom_heading text=\u00a0\u00bbPompe Busch\u00a0\u00bb font_container=\u00a0\u00bbtag:h2|font_size:22|text_align:left|color:%234c4c4c\u00a0\u00bb use_theme_fonts=\u00a0\u00bbyes\u00a0\u00bb][vc_empty_space height=\u00a0\u00bb15&Prime;][vc_column_text]<\/p>\n<div class=\"col-lg-4\">\n<div class=\"media\">\n<div class=\"media__content\">\n<p>Toutes les machines Henkovac sont \u00e9quip\u00e9es d&rsquo;une pompe \u00e0 vide Busch<\/p>\n<\/div>\n<\/div>\n<\/div>\n<p>[\/vc_column_text][\/vc_column][vc_column width=\u00a0\u00bb1\/3&Prime; css=\u00a0\u00bb.vc_custom_1568118438842{border-top-width: 1px !important;border-top-color: #dddddd !important;border-top-style: solid !important;}\u00a0\u00bb][vc_empty_space][vc_custom_heading text=\u00a0\u00bbOptions\u00a0\u00bb font_container=\u00a0\u00bbtag:h2|font_size:22|text_align:left|color:%234c4c4c\u00a0\u00bb use_theme_fonts=\u00a0\u00bbyes\u00a0\u00bb][vc_empty_space height=\u00a0\u00bb15&Prime;][vc_column_text]<\/p>\n<div class=\"col-lg-4\">\n<div class=\"media\">\n<div class=\"media__content\">\n<p>Toutes les machines Henkovac sont disponibles avec plusieurs options<\/p>\n<\/div>\n<\/div>\n<\/div>\n<p>[\/vc_column_text][\/vc_column][\/vc_row][vc_row type=\u00a0\u00bbfull_width_background\u00a0\u00bb bg_color=\u00a0\u00bb#00b4d8&Prime; text_color=\u00a0\u00bblight\u00a0\u00bb top_padding=\u00a0\u00bb35&Prime; bottom_padding=\u00a0\u00bb35&Prime;][vc_column background_color=\u00a0\u00bb#00b4d8&Prime;][textbar button_title=\u00a0\u00bbCONTACTEZ NOTRE SP\u00c9CIALISTE\u00a0\u00bb button_link=\u00a0\u00bbhttps:\/\/henkovac.com\/fr\/service-des-vente\/\u00a0\u00bb icon=\u00a0\u00bbsteadysets-icon-type\u00a0\u00bb]<\/p>\n<p style=\"text-align: left;\">Vous avez des questions sur nos Bacs de R\u00e9traction ?<\/p>\n<p>[\/textbar][\/vc_column][\/vc_row][vc_row type=\u00a0\u00bbfull_width_content\u00a0\u00bb bg_image=\u00a0\u00bb2610&Prime; bg_color=\u00a0\u00bb#6d6d6d\u00a0\u00bb top_padding=\u00a0\u00bb0&Prime;][vc_column width=\u00a0\u00bb1\/2&Prime; centered_cont=\u00a0\u00bbtrue\u00a0\u00bb background_image=\u00a0\u00bb6388&Prime;][vc_column_text]<br \/>\n[\/vc_column_text][\/vc_column][vc_column width=\u00a0\u00bb1\/2&Prime; column_padding=\u00a0\u00bb4%\u00a0\u00bb css=\u00a0\u00bb.vc_custom_1569432155691{background-color: #142831 !important;}\u00a0\u00bb][vc_empty_space height=\u00a0\u00bb100&Prime;][vc_custom_heading text=\u00a0\u00bb\u00ab\u00a0Le r\u00e9servoir d&rsquo;immersion automatique plein me donne plus de prise sur la qualit\u00e9\u00ab\u00a0\u00a0\u00bb font_container=\u00a0\u00bbtag:h2|font_size:40|text_align:left|color:%23ffffff|line_height:1.2&Prime; google_fonts=\u00a0\u00bbfont_family:Merriweather%3A300%2C300italic%2Cregular%2Citalic%2C700%2C700italic%2C900%2C900italic|font_style:300%20light%20italic%3A300%3Aitalic\u00a0\u00bb][vc_empty_space height=\u00a0\u00bb100&Prime;][\/vc_column][\/vc_row][vc_row type=\u00a0\u00bbfull_width_background\u00a0\u00bb class=\u00a0\u00bbkolomOver\u00a0\u00bb][vc_column width=\u00a0\u00bb1\/3&Prime; el_class=\u00a0\u00bbkolomOver\u00a0\u00bb][services_medium title=\u00a0\u00bbINDUSTRIE DE LA VIANDE\u00a0\u00bb style=\u00a0\u00bbstyle_3&Prime; icon=\u00a0\u00bbsteadysets-icon-bones\u00a0\u00bb icon_color=\u00a0\u00bb#00b4d8&Prime; border_color=\u00a0\u00bb#00b4d8&Prime; dynamic_content_link=\u00a0\u00bbhttps:\/\/henkovac.com\/fr\/les-marches-de-henkovac\/la-transformation-de-la-viande\/\u00a0\u00bb]Des emballages de haute qualit\u00e9 pour am\u00e9liorer le processus d\u2019emballage de vos clients.[\/services_medium][\/vc_column][vc_column width=\u00a0\u00bb1\/3&Prime; el_class=\u00a0\u00bbkolomOver\u00a0\u00bb][services_medium title=\u00a0\u00bbTRANSFORMATION ALIMENTAIRE\u00a0\u00bb style=\u00a0\u00bbstyle_3&Prime; icon=\u00a0\u00bblinecon-icon-food\u00a0\u00bb icon_color=\u00a0\u00bb#00b4d8&Prime; border_color=\u00a0\u00bb#00b4d8&Prime; dynamic_content_link=\u00a0\u00bbhttps:\/\/henkovac.com\/fr\/les-marches-de-henkovac\/industrie-de-la-transformation-alimentaire\/\u00a0\u00bb]Optimisation et flexibilit\u00e9 dans tous les types de transformation alimentaire.[\/services_medium][\/vc_column][vc_column width=\u00a0\u00bb1\/3&Prime; el_class=\u00a0\u00bbkolomOver\u00a0\u00bb][services_medium title=\u00a0\u00bbINDUSTRIE NON ALIMENTAIRE\u00a0\u00bb style=\u00a0\u00bbstyle_3&Prime; icon=\u00a0\u00bbsteadysets-icon-lab\u00a0\u00bb icon_color=\u00a0\u00bb#00b4d8&Prime; border_color=\u00a0\u00bb#00b4d8&Prime; dynamic_content_link=\u00a0\u00bbhttps:\/\/henkovac.com\/fr\/les-marches-de-henkovac\/industrie-non-alimentaire\/\u00a0\u00bb]Protection optimale contre la salet\u00e9, la poussi\u00e8re et l&rsquo;humidit\u00e9.[\/services_medium][\/vc_column][\/vc_row][vc_row type=\u00a0\u00bbfull_width_content\u00a0\u00bb][vc_column background_color=\u00a0\u00bb#007cc2&Prime; background_color_opacity=\u00a0\u00bb0.75&Prime;][vc_empty_space][vc_custom_heading text=\u00a0\u00bb1ER CHOIX POUR LES PROFESSIONNELS\u00a0\u00bb font_container=\u00a0\u00bbtag:h2|font_size:35|text_align:center|color:%23ffffff|line_height:1.25&Prime; use_theme_fonts=\u00a0\u00bbyes\u00a0\u00bb][vc_empty_space][\/vc_column][\/vc_row]<\/p>\n","protected":false},"excerpt":{"rendered":"<p>[vc_row type=\u00a0\u00bbfull_width_background\u00a0\u00bb bg_color=\u00a0\u00bb#f9f9f9&Prime;][vc_column][vc_row_inner][vc_column_inner][vc_custom_heading text=\u00a0\u00bbPour les emballages r\u00e9tractables\u00a0\u00bb font_container=\u00a0\u00bbtag:h2|font_size:16|text_align:center|color:%235e5e5e|line_height:1.2&Prime; use_theme_fonts=\u00a0\u00bbyes\u00a0\u00bb css=\u00a0\u00bb.vc_custom_1585042428959{margin-top: -35px !important;}\u00a0\u00bb][vc_empty_space height=\u00a0\u00bb20&Prime;][vc_custom_heading text=\u00a0\u00bbHENKOVAC BACS DE R\u00c9TRACTION ADT 60-80&Prime; font_container=\u00a0\u00bbtag:h1|font_size:40|text_align:center|color:%23494949&Prime; use_theme_fonts=\u00a0\u00bbyes\u00a0\u00bb][vc_empty_space height=\u00a0\u00bb20&Prime;][vc_text_separator title=\u00a0\u00bbBAC DE R\u00c9TRACTION CONTR\u00d4L\u00c9 PAR SENSOR\u00a0\u00bb css=\u00a0\u00bb.vc_custom_1585042463125{margin-bottom: -35px !important;}\u00a0\u00bb][\/vc_column_inner][\/vc_row_inner][\/vc_column][\/vc_row][vc_row type=\u00a0\u00bbfull_width_background\u00a0\u00bb bg_color=\u00a0\u00bb#f3f5f4&Prime; full_width=\u00a0\u00bb\u00a0\u00bb parallax=\u00a0\u00bb\u00a0\u00bb parallax_image=\u00a0\u00bb\u00a0\u00bb][vc_column width=\u00a0\u00bb1\/4&Prime;][vc_column_text] Machine dimension : 1050 x 700 x 1550 mm Dimension du plateau : 570 x 400 mm Profondeur [&hellip;]<\/p>\n","protected":false},"author":7,"featured_media":3902,"parent":9064,"menu_order":0,"comment_status":"closed","ping_status":"closed","template":"","meta":{"_monsterinsights_skip_tracking":false,"_monsterinsights_sitenote_active":false,"_monsterinsights_sitenote_note":"","_monsterinsights_sitenote_category":0,"footnotes":""},"class_list":["post-9363","page","type-page","status-publish","has-post-thumbnail","hentry"],"yoast_head":"<!-- This site is optimized with the Yoast SEO plugin v25.7 - https:\/\/yoast.com\/wordpress\/plugins\/seo\/ -->\n<title>Contr\u00f4le automatique Bacs De R\u00e9traction | Henkovac International<\/title>\n<meta name=\"description\" content=\"Le contr\u00f4le automatique est la principale caract\u00e9ristique de la Bacs de R\u00e9traction ADT-60-80 enti\u00e8rement en acier inoxydable\" \/>\n<meta name=\"robots\" content=\"index, follow, max-snippet:-1, max-image-preview:large, max-video-preview:-1\" \/>\n<link rel=\"canonical\" href=\"https:\/\/henkovac.com\/fr\/solutions-demballage\/bacs-de-retraction\/adt-60-80-controle-automatique\/\" \/>\n<meta property=\"og:locale\" content=\"fr_FR\" \/>\n<meta property=\"og:type\" content=\"article\" \/>\n<meta property=\"og:title\" content=\"Contr\u00f4le automatique Bacs De R\u00e9traction | Henkovac International\" \/>\n<meta property=\"og:description\" content=\"Le contr\u00f4le automatique est la principale caract\u00e9ristique de la Bacs de R\u00e9traction ADT-60-80 enti\u00e8rement en acier inoxydable\" \/>\n<meta property=\"og:url\" content=\"https:\/\/henkovac.com\/fr\/solutions-demballage\/bacs-de-retraction\/adt-60-80-controle-automatique\/\" \/>\n<meta property=\"og:site_name\" content=\"HENKOVAC\" \/>\n<meta property=\"article:modified_time\" content=\"2020-03-26T12:56:49+00:00\" \/>\n<meta property=\"og:image\" content=\"https:\/\/henkovac.com\/wp-content\/uploads\/2019\/10\/TT-zoom3940.jpg\" \/>\n\t<meta property=\"og:image:width\" content=\"1000\" \/>\n\t<meta property=\"og:image:height\" content=\"1064\" \/>\n\t<meta property=\"og:image:type\" content=\"image\/jpeg\" \/>\n<meta name=\"twitter:card\" content=\"summary_large_image\" \/>\n<meta name=\"twitter:label1\" content=\"Dur\u00e9e de lecture estim\u00e9e\" \/>\n\t<meta name=\"twitter:data1\" content=\"5 minutes\" \/>\n<script type=\"application\/ld+json\" class=\"yoast-schema-graph\">{\"@context\":\"https:\/\/schema.org\",\"@graph\":[{\"@type\":\"WebPage\",\"@id\":\"https:\/\/henkovac.com\/fr\/solutions-demballage\/bacs-de-retraction\/adt-60-80-controle-automatique\/\",\"url\":\"https:\/\/henkovac.com\/fr\/solutions-demballage\/bacs-de-retraction\/adt-60-80-controle-automatique\/\",\"name\":\"Contr\u00f4le automatique Bacs De R\u00e9traction | Henkovac International\",\"isPartOf\":{\"@id\":\"https:\/\/henkovac.com\/fr\/#website\"},\"primaryImageOfPage\":{\"@id\":\"https:\/\/henkovac.com\/fr\/solutions-demballage\/bacs-de-retraction\/adt-60-80-controle-automatique\/#primaryimage\"},\"image\":{\"@id\":\"https:\/\/henkovac.com\/fr\/solutions-demballage\/bacs-de-retraction\/adt-60-80-controle-automatique\/#primaryimage\"},\"thumbnailUrl\":\"https:\/\/henkovac.com\/wp-content\/uploads\/2019\/10\/TT-zoom3940.jpg\",\"datePublished\":\"2019-11-09T18:21:56+00:00\",\"dateModified\":\"2020-03-26T12:56:49+00:00\",\"description\":\"Le contr\u00f4le automatique est la principale caract\u00e9ristique de la Bacs de R\u00e9traction ADT-60-80 enti\u00e8rement en acier inoxydable\",\"breadcrumb\":{\"@id\":\"https:\/\/henkovac.com\/fr\/solutions-demballage\/bacs-de-retraction\/adt-60-80-controle-automatique\/#breadcrumb\"},\"inLanguage\":\"fr-FR\",\"potentialAction\":[{\"@type\":\"ReadAction\",\"target\":[\"https:\/\/henkovac.com\/fr\/solutions-demballage\/bacs-de-retraction\/adt-60-80-controle-automatique\/\"]}]},{\"@type\":\"ImageObject\",\"inLanguage\":\"fr-FR\",\"@id\":\"https:\/\/henkovac.com\/fr\/solutions-demballage\/bacs-de-retraction\/adt-60-80-controle-automatique\/#primaryimage\",\"url\":\"https:\/\/henkovac.com\/wp-content\/uploads\/2019\/10\/TT-zoom3940.jpg\",\"contentUrl\":\"https:\/\/henkovac.com\/wp-content\/uploads\/2019\/10\/TT-zoom3940.jpg\",\"width\":1000,\"height\":1064,\"caption\":\"Tabletop detail Food processing industry\"},{\"@type\":\"BreadcrumbList\",\"@id\":\"https:\/\/henkovac.com\/fr\/solutions-demballage\/bacs-de-retraction\/adt-60-80-controle-automatique\/#breadcrumb\",\"itemListElement\":[{\"@type\":\"ListItem\",\"position\":1,\"name\":\"Home\",\"item\":\"https:\/\/henkovac.com\/fr\/\"},{\"@type\":\"ListItem\",\"position\":2,\"name\":\"Solutions d&#8217;emballage\",\"item\":\"https:\/\/henkovac.com\/fr\/solutions-demballage\/\"},{\"@type\":\"ListItem\",\"position\":3,\"name\":\"Bacs de R\u00e9traction\",\"item\":\"https:\/\/henkovac.com\/fr\/solutions-demballage\/bacs-de-retraction\/\"},{\"@type\":\"ListItem\",\"position\":4,\"name\":\"ADT-60-80 contr\u00f4le automatique\"}]},{\"@type\":\"WebSite\",\"@id\":\"https:\/\/henkovac.com\/fr\/#website\",\"url\":\"https:\/\/henkovac.com\/fr\/\",\"name\":\"HENKOVAC\",\"description\":\"Vacuum Packaging Machines\",\"potentialAction\":[{\"@type\":\"SearchAction\",\"target\":{\"@type\":\"EntryPoint\",\"urlTemplate\":\"https:\/\/henkovac.com\/fr\/?s={search_term_string}\"},\"query-input\":{\"@type\":\"PropertyValueSpecification\",\"valueRequired\":true,\"valueName\":\"search_term_string\"}}],\"inLanguage\":\"fr-FR\"}]}<\/script>\n<!-- \/ Yoast SEO plugin. -->","yoast_head_json":{"title":"Contr\u00f4le automatique Bacs De R\u00e9traction | Henkovac International","description":"Le contr\u00f4le automatique est la principale caract\u00e9ristique de la Bacs de R\u00e9traction ADT-60-80 enti\u00e8rement en acier inoxydable","robots":{"index":"index","follow":"follow","max-snippet":"max-snippet:-1","max-image-preview":"max-image-preview:large","max-video-preview":"max-video-preview:-1"},"canonical":"https:\/\/henkovac.com\/fr\/solutions-demballage\/bacs-de-retraction\/adt-60-80-controle-automatique\/","og_locale":"fr_FR","og_type":"article","og_title":"Contr\u00f4le automatique Bacs De R\u00e9traction | Henkovac International","og_description":"Le contr\u00f4le automatique est la principale caract\u00e9ristique de la Bacs de R\u00e9traction ADT-60-80 enti\u00e8rement en acier inoxydable","og_url":"https:\/\/henkovac.com\/fr\/solutions-demballage\/bacs-de-retraction\/adt-60-80-controle-automatique\/","og_site_name":"HENKOVAC","article_modified_time":"2020-03-26T12:56:49+00:00","og_image":[{"width":1000,"height":1064,"url":"https:\/\/henkovac.com\/wp-content\/uploads\/2019\/10\/TT-zoom3940.jpg","type":"image\/jpeg"}],"twitter_card":"summary_large_image","twitter_misc":{"Dur\u00e9e de lecture estim\u00e9e":"5 minutes"},"schema":{"@context":"https:\/\/schema.org","@graph":[{"@type":"WebPage","@id":"https:\/\/henkovac.com\/fr\/solutions-demballage\/bacs-de-retraction\/adt-60-80-controle-automatique\/","url":"https:\/\/henkovac.com\/fr\/solutions-demballage\/bacs-de-retraction\/adt-60-80-controle-automatique\/","name":"Contr\u00f4le automatique Bacs De R\u00e9traction | Henkovac International","isPartOf":{"@id":"https:\/\/henkovac.com\/fr\/#website"},"primaryImageOfPage":{"@id":"https:\/\/henkovac.com\/fr\/solutions-demballage\/bacs-de-retraction\/adt-60-80-controle-automatique\/#primaryimage"},"image":{"@id":"https:\/\/henkovac.com\/fr\/solutions-demballage\/bacs-de-retraction\/adt-60-80-controle-automatique\/#primaryimage"},"thumbnailUrl":"https:\/\/henkovac.com\/wp-content\/uploads\/2019\/10\/TT-zoom3940.jpg","datePublished":"2019-11-09T18:21:56+00:00","dateModified":"2020-03-26T12:56:49+00:00","description":"Le contr\u00f4le automatique est la principale caract\u00e9ristique de la Bacs de R\u00e9traction ADT-60-80 enti\u00e8rement en acier inoxydable","breadcrumb":{"@id":"https:\/\/henkovac.com\/fr\/solutions-demballage\/bacs-de-retraction\/adt-60-80-controle-automatique\/#breadcrumb"},"inLanguage":"fr-FR","potentialAction":[{"@type":"ReadAction","target":["https:\/\/henkovac.com\/fr\/solutions-demballage\/bacs-de-retraction\/adt-60-80-controle-automatique\/"]}]},{"@type":"ImageObject","inLanguage":"fr-FR","@id":"https:\/\/henkovac.com\/fr\/solutions-demballage\/bacs-de-retraction\/adt-60-80-controle-automatique\/#primaryimage","url":"https:\/\/henkovac.com\/wp-content\/uploads\/2019\/10\/TT-zoom3940.jpg","contentUrl":"https:\/\/henkovac.com\/wp-content\/uploads\/2019\/10\/TT-zoom3940.jpg","width":1000,"height":1064,"caption":"Tabletop detail Food processing industry"},{"@type":"BreadcrumbList","@id":"https:\/\/henkovac.com\/fr\/solutions-demballage\/bacs-de-retraction\/adt-60-80-controle-automatique\/#breadcrumb","itemListElement":[{"@type":"ListItem","position":1,"name":"Home","item":"https:\/\/henkovac.com\/fr\/"},{"@type":"ListItem","position":2,"name":"Solutions d&#8217;emballage","item":"https:\/\/henkovac.com\/fr\/solutions-demballage\/"},{"@type":"ListItem","position":3,"name":"Bacs de R\u00e9traction","item":"https:\/\/henkovac.com\/fr\/solutions-demballage\/bacs-de-retraction\/"},{"@type":"ListItem","position":4,"name":"ADT-60-80 contr\u00f4le automatique"}]},{"@type":"WebSite","@id":"https:\/\/henkovac.com\/fr\/#website","url":"https:\/\/henkovac.com\/fr\/","name":"HENKOVAC","description":"Vacuum Packaging Machines","potentialAction":[{"@type":"SearchAction","target":{"@type":"EntryPoint","urlTemplate":"https:\/\/henkovac.com\/fr\/?s={search_term_string}"},"query-input":{"@type":"PropertyValueSpecification","valueRequired":true,"valueName":"search_term_string"}}],"inLanguage":"fr-FR"}]}},"_links":{"self":[{"href":"https:\/\/henkovac.com\/fr\/wp-json\/wp\/v2\/pages\/9363","targetHints":{"allow":["GET"]}}],"collection":[{"href":"https:\/\/henkovac.com\/fr\/wp-json\/wp\/v2\/pages"}],"about":[{"href":"https:\/\/henkovac.com\/fr\/wp-json\/wp\/v2\/types\/page"}],"author":[{"embeddable":true,"href":"https:\/\/henkovac.com\/fr\/wp-json\/wp\/v2\/users\/7"}],"replies":[{"embeddable":true,"href":"https:\/\/henkovac.com\/fr\/wp-json\/wp\/v2\/comments?post=9363"}],"version-history":[{"count":5,"href":"https:\/\/henkovac.com\/fr\/wp-json\/wp\/v2\/pages\/9363\/revisions"}],"predecessor-version":[{"id":9365,"href":"https:\/\/henkovac.com\/fr\/wp-json\/wp\/v2\/pages\/9363\/revisions\/9365"}],"up":[{"embeddable":true,"href":"https:\/\/henkovac.com\/fr\/wp-json\/wp\/v2\/pages\/9064"}],"wp:featuredmedia":[{"embeddable":true,"href":"https:\/\/henkovac.com\/fr\/wp-json\/wp\/v2\/media\/3902"}],"wp:attachment":[{"href":"https:\/\/henkovac.com\/fr\/wp-json\/wp\/v2\/media?parent=9363"}],"curies":[{"name":"wp","href":"https:\/\/api.w.org\/{rel}","templated":true}]}}