{"id":10175,"date":"2019-10-01T14:01:17","date_gmt":"2019-10-01T13:01:17","guid":{"rendered":"https:\/\/henkovac.com\/sales\/"},"modified":"2022-11-22T15:46:40","modified_gmt":"2022-11-22T14:46:40","slug":"departamento-de-ventas","status":"publish","type":"page","link":"https:\/\/henkovac.com\/es\/departamento-de-ventas\/","title":{"rendered":"Departamento de ventas"},"content":{"rendered":"<p>[vc_row type=\u00bbfull_width_background\u00bb bg_image=\u00bb5048&#8243; parallax_bg=\u00bbtrue\u00bb bg_color=\u00bb#f6f6f6&#8243; overlay=\u00bbtrue\u00bb overlay_color=\u00bbrgba(255,255,255,0.64)\u00bb top_padding=\u00bb80&#8243; bottom_padding=\u00bb80&#8243;][vc_column width=\u00bb1\/6&#8243;][\/vc_column][vc_column width=\u00bb2\/3&#8243;][vc_custom_heading text=\u00bbNuestro equipo de ventas est\u00e1 listo para usted.\u00bb font_container=\u00bbtag:h2|font_size:45px|text_align:center|line_height:54px\u00bb use_theme_fonts=\u00bbyes\u00bb][vc_empty_space][vc_custom_heading text=\u00bbSi necesita asesoramiento sobre una m\u00e1quina de vac\u00edo, una opci\u00f3n especial o el estado del env\u00edo, p\u00f3ngase en contacto con nosotros por correo electr\u00f3nico o por tel\u00e9fono.\u00bb font_container=\u00bbtag:h2|font_size:25px|text_align:center|line_height:35px\u00bb use_theme_fonts=\u00bbyes\u00bb][\/vc_column][vc_column width=\u00bb1\/6&#8243;][\/vc_column][\/vc_row][vc_row type=\u00bbfull_width_background\u00bb bg_color=\u00bb#fcfcfc\u00bb][vc_column width=\u00bb1\/4&#8243; background_color=\u00bb#f9f9f9&#8243; css=\u00bb.vc_custom_1572099072089{border-top-width: 1px !important;border-right-width: 1px !important;border-bottom-width: 1px !important;border-left-width: 1px !important;border-left-color: #e0e0e0 !important;border-left-style: solid !important;border-right-color: #e0e0e0 !important;border-right-style: solid !important;border-top-color: #e0e0e0 !important;border-top-style: solid !important;border-bottom-color: #e0e0e0 !important;border-bottom-style: solid !important;}\u00bb][vc_empty_space height=\u00bb20px\u00bb][vc_single_image image=\u00bb12525&#8243; img_size=\u00bblarge\u00bb alignment=\u00bbcenter\u00bb][vc_row_inner][vc_column_inner][vc_empty_space height=\u00bb20px\u00bb][vc_custom_heading text=\u00bbSalesnaam\u00bb font_container=\u00bbtag:h1|font_size:18|text_align:center\u00bb use_theme_fonts=\u00bbyes\u00bb][vc_column_text]<\/p>\n<h5 style=\"text-align: center;\"><span style=\"color: #13a5c2; font-family: neosans-light; font-size: 10pt;\">Departamento de ventas<\/span><\/h5>\n<p>[\/vc_column_text][\/vc_column_inner][\/vc_row_inner][vc_icon icon_fontawesome=\u00bbfar fa-envelope\u00bb color=\u00bbcustom\u00bb background_style=\u00bbrounded-outline\u00bb size=\u00bbsm\u00bb align=\u00bbcenter\u00bb link=\u00bburl:mailto%3Atim%40henkovac.com\u00bb custom_color=\u00bb#13a5c2&#8243; css=\u00bb.vc_custom_1656408470796{padding-top: -20px !important;padding-bottom: -20px !important;}\u00bb][vc_column_text]<\/p>\n<div class=\"views-field views-field-field-telefoonnummer\">\n<div class=\"field-content\" style=\"text-align: center;\"><strong>+31 (0)6 36 35 51 79<\/strong><\/div>\n<\/div>\n<p>[\/vc_column_text][vc_empty_space height=\u00bb2px\u00bb][\/vc_column][vc_column width=\u00bb1\/4&#8243; background_color=\u00bb#f9f9f9&#8243; css=\u00bb.vc_custom_1572099146562{border-top-width: 1px !important;border-right-width: 1px !important;border-bottom-width: 1px !important;border-left-width: 1px !important;border-left-color: #e0e0e0 !important;border-left-style: solid !important;border-right-color: #e0e0e0 !important;border-right-style: solid !important;border-top-color: #e0e0e0 !important;border-top-style: solid !important;border-bottom-color: #e0e0e0 !important;border-bottom-style: solid !important;}\u00bb][vc_empty_space height=\u00bb20px\u00bb][vc_single_image image=\u00bb12520&#8243; img_size=\u00bblarge\u00bb alignment=\u00bbcenter\u00bb][vc_row_inner][vc_column_inner][vc_empty_space height=\u00bb20px\u00bb][vc_custom_heading text=\u00bbSalesnaam\u00bb font_container=\u00bbtag:h1|font_size:18|text_align:center\u00bb use_theme_fonts=\u00bbyes\u00bb][vc_column_text]<\/p>\n<h5 style=\"text-align: center;\"><span style=\"color: #13a5c2; font-family: neosans-light; font-size: 10pt;\">Gerente de ventas<\/span><\/h5>\n<p>[\/vc_column_text][\/vc_column_inner][\/vc_row_inner][vc_icon icon_fontawesome=\u00bbfar fa-envelope\u00bb color=\u00bbcustom\u00bb background_style=\u00bbrounded-outline\u00bb size=\u00bbsm\u00bb align=\u00bbcenter\u00bb link=\u00bburl:mailto%3Aroel%40henkovac.com\u00bb custom_color=\u00bb#13a5c2&#8243; css=\u00bb.vc_custom_1656408503050{padding-top: -20px !important;padding-bottom: -20px !important;}\u00bb][vc_column_text]<\/p>\n<div class=\"views-field views-field-field-telefoonnummer\">\n<div class=\"field-content\" style=\"text-align: center;\">\n<div class=\"views-field views-field-field-telefoonnummer\">\n<div class=\"field-content\"><strong>+31 (0)6 51 44 18 18<\/strong><\/div>\n<\/div>\n<\/div>\n<\/div>\n<p>[\/vc_column_text][vc_empty_space height=\u00bb2px\u00bb][\/vc_column][vc_column width=\u00bb1\/4&#8243; background_color=\u00bb#f9f9f9&#8243; css=\u00bb.vc_custom_1572100587139{border-top-width: 1px !important;border-right-width: 1px !important;border-bottom-width: 1px !important;border-left-width: 1px !important;border-left-color: #e0e0e0 !important;border-left-style: solid !important;border-right-color: #e0e0e0 !important;border-right-style: solid !important;border-top-color: #e0e0e0 !important;border-top-style: solid !important;border-bottom-color: #e0e0e0 !important;border-bottom-style: solid !important;}\u00bb][vc_empty_space height=\u00bb20px\u00bb][vc_single_image image=\u00bb4636&#8243; img_size=\u00bblarge\u00bb alignment=\u00bbcenter\u00bb][vc_row_inner][vc_column_inner][vc_empty_space height=\u00bb20px\u00bb][vc_custom_heading text=\u00bbPetra Verduijn\u00bb font_container=\u00bbtag:h1|font_size:18|text_align:center\u00bb use_theme_fonts=\u00bbyes\u00bb][vc_column_text]<\/p>\n<h5 style=\"text-align: center;\"><span style=\"color: #13a5c2; font-family: neosans-light; font-size: 10pt;\">Departamento de ventas y env\u00edo<\/span><\/h5>\n<p>[\/vc_column_text][\/vc_column_inner][\/vc_row_inner][vc_icon icon_fontawesome=\u00bbfar fa-envelope\u00bb color=\u00bbcustom\u00bb background_style=\u00bbrounded-outline\u00bb size=\u00bbsm\u00bb align=\u00bbcenter\u00bb link=\u00bburl:mailto%3Acs%40henkovac.com\u00bb custom_color=\u00bb#13a5c2&#8243; css=\u00bb.vc_custom_1646732641005{padding-top: -20px !important;padding-bottom: -20px !important;}\u00bb][vc_column_text]<\/p>\n<div class=\"views-field views-field-field-telefoonnummer\">\n<div class=\"field-content\" style=\"text-align: center;\"><strong>+31 (0)73 6 271 201<br \/>\n<\/strong><\/div>\n<\/div>\n<p>[\/vc_column_text][vc_empty_space height=\u00bb2px\u00bb][\/vc_column][vc_column width=\u00bb1\/4&#8243; background_color=\u00bb#efefef\u00bb css=\u00bb.vc_custom_1629709704598{border-top-width: 1px !important;border-right-width: 1px !important;border-bottom-width: 1px !important;border-left-width: 1px !important;border-left-color: #e0e0e0 !important;border-left-style: solid !important;border-right-color: #e0e0e0 !important;border-right-style: solid !important;border-top-color: #e0e0e0 !important;border-top-style: solid !important;border-bottom-color: #e0e0e0 !important;border-bottom-style: solid !important;}\u00bb offset=\u00bbvc_hidden-sm vc_hidden-xs\u00bb][vc_empty_space height=\u00bb490&#8243;][\/vc_column][\/vc_row][vc_row][vc_column width=\u00bb1\/3&#8243; background_color=\u00bb#28c1cc\u00bb el_class=\u00bbkolomOver2&#8243; css=\u00bb.vc_custom_1569427107014{padding-top: 50px !important;padding-bottom: 50px !important;background-position: center !important;background-repeat: no-repeat !important;background-size: cover !important;}\u00bb][vc_custom_heading text=\u00bbHACER UNA<br \/>\nPREGUNTA GENERAL\u00bb font_container=\u00bbtag:h1|font_size:24|text_align:center|color:%23ffffff\u00bb use_theme_fonts=\u00bbyes\u00bb css_animation=\u00bbnone\u00bb link=\u00bburl:https%3A%2F%2Fhenkovac.com%2Fes%2Fformulario-de-contacto%2F|title:Contact%20form||\u00bb][\/vc_column][vc_column width=\u00bb1\/3&#8243; background_color=\u00bb#23a8a8&#8243; el_class=\u00bbkolomOver2&#8243; css=\u00bb.vc_custom_1569414151612{padding-top: 50px !important;padding-bottom: 50px !important;}\u00bb][vc_custom_heading text=\u00bbPREGUNTAR EL ESTADO<br \/>\nDEL ENV\u00cdO &#8216;M\u00c1QUINAS'\u00bb font_container=\u00bbtag:h1|font_size:24|text_align:center|color:%23ffffff\u00bb use_theme_fonts=\u00bbyes\u00bb link=\u00bburl:https%3A%2F%2Fhenkovac.com%2Fes%2Fmaquinas-de-estado-de-envio%2F|title:Shipping%20Status%20Machines||\u00bb][\/vc_column][vc_column width=\u00bb1\/3&#8243; background_color=\u00bb#2acccc\u00bb el_class=\u00bbkolomOver2&#8243; css=\u00bb.vc_custom_1576325725234{padding-top: 50px !important;padding-bottom: 50px !important;}\u00bb][vc_custom_heading text=\u00bbPREGUNTAR EL ESTADO<br \/>\nDEL ENV\u00cdO DE LAS PIEZAS\u00bb font_container=\u00bbtag:h1|font_size:24|text_align:center|color:%23ffffff\u00bb use_theme_fonts=\u00bbyes\u00bb link=\u00bburl:https%3A%2F%2Fhenkovac.com%2Fes%2Festado-del-envio-piezas%2F|title:Shipping%20Status%20Parts||\u00bb][\/vc_column][\/vc_row][vc_row type=\u00bbfull_width_background\u00bb bg_color=\u00bb#eaeaea\u00bb][vc_column width=\u00bb1\/6&#8243;][\/vc_column][vc_column width=\u00bb2\/3&#8243; el_class=\u00bbFAQsales\u00bb][vc_text_separator title=\u00bbLas preguntas m\u00e1s comunes sobre el servicio y los repuestos\u00bb color=\u00bbcustom\u00bb accent_color=\u00bb#6b6b6b\u00bb][vc_empty_space][faq][\/vc_column][vc_column width=\u00bb1\/6&#8243;][\/vc_column][\/vc_row][vc_row type=\u00bbfull_width_content\u00bb class=\u00bbnoPaddingMobile\u00bb][vc_column background_color=\u00bb#007cc2&#8243; background_color_opacity=\u00bb0.75&#8243;][vc_empty_space][vc_custom_heading text=\u00bbLA PRIMERA OPCI\u00d3N PARA PROFESIONALES DE TODO EL MUNDO\u00bb font_container=\u00bbtag:h2|font_size:35|text_align:center|color:%23ffffff|line_height:1.25&#8243; use_theme_fonts=\u00bbyes\u00bb][vc_empty_space][\/vc_column][\/vc_row]<\/p>\n","protected":false},"excerpt":{"rendered":"<p>[vc_row type=\u00bbfull_width_background\u00bb bg_image=\u00bb5048&#8243; parallax_bg=\u00bbtrue\u00bb bg_color=\u00bb#f6f6f6&#8243; overlay=\u00bbtrue\u00bb overlay_color=\u00bbrgba(255,255,255,0.64)\u00bb top_padding=\u00bb80&#8243; bottom_padding=\u00bb80&#8243;][vc_column width=\u00bb1\/6&#8243;][\/vc_column][vc_column width=\u00bb2\/3&#8243;][vc_custom_heading text=\u00bbNuestro equipo de ventas est\u00e1 listo para usted.\u00bb font_container=\u00bbtag:h2|font_size:45px|text_align:center|line_height:54px\u00bb use_theme_fonts=\u00bbyes\u00bb][vc_empty_space][vc_custom_heading text=\u00bbSi necesita asesoramiento sobre una m\u00e1quina de vac\u00edo, una opci\u00f3n especial o el estado del env\u00edo, p\u00f3ngase en contacto con nosotros por correo electr\u00f3nico o por tel\u00e9fono.\u00bb font_container=\u00bbtag:h2|font_size:25px|text_align:center|line_height:35px\u00bb use_theme_fonts=\u00bbyes\u00bb][\/vc_column][vc_column width=\u00bb1\/6&#8243;][\/vc_column][\/vc_row][vc_row type=\u00bbfull_width_background\u00bb bg_color=\u00bb#fcfcfc\u00bb][vc_column width=\u00bb1\/4&#8243; background_color=\u00bb#f9f9f9&#8243; [&hellip;]<\/p>\n","protected":false},"author":7,"featured_media":3902,"parent":0,"menu_order":0,"comment_status":"closed","ping_status":"closed","template":"","meta":{"_monsterinsights_skip_tracking":false,"_monsterinsights_sitenote_active":false,"_monsterinsights_sitenote_note":"","_monsterinsights_sitenote_category":0,"footnotes":""},"class_list":["post-10175","page","type-page","status-publish","has-post-thumbnail","hentry"],"yoast_head":"<!-- This site is optimized with the Yoast SEO plugin v25.7 - https:\/\/yoast.com\/wordpress\/plugins\/seo\/ -->\n<title>Departamento de ventas Contact | Henkovac - first choice for professionals<\/title>\n<meta name=\"description\" content=\"Nuestro equipo departamento de ventas est\u00e1 listo para usted. Si necesita asesoramiento sobre una m\u00e1quina de vac\u00edo, opciones especiales o estado de env\u00edo\" \/>\n<meta name=\"robots\" content=\"index, follow, max-snippet:-1, max-image-preview:large, max-video-preview:-1\" \/>\n<link rel=\"canonical\" href=\"https:\/\/henkovac.com\/es\/departamento-de-ventas\/\" \/>\n<meta property=\"og:locale\" content=\"es_ES\" \/>\n<meta property=\"og:type\" content=\"article\" \/>\n<meta property=\"og:title\" content=\"Departamento de ventas Contact | Henkovac - first choice for professionals\" \/>\n<meta property=\"og:description\" content=\"Nuestro equipo departamento de ventas est\u00e1 listo para usted. Si necesita asesoramiento sobre una m\u00e1quina de vac\u00edo, opciones especiales o estado de env\u00edo\" \/>\n<meta property=\"og:url\" content=\"https:\/\/henkovac.com\/es\/departamento-de-ventas\/\" \/>\n<meta property=\"og:site_name\" content=\"HENKOVAC\" \/>\n<meta property=\"article:modified_time\" content=\"2022-11-22T14:46:40+00:00\" \/>\n<meta property=\"og:image\" content=\"https:\/\/henkovac.com\/wp-content\/uploads\/2019\/10\/TT-zoom3940.jpg\" \/>\n\t<meta property=\"og:image:width\" content=\"1000\" \/>\n\t<meta property=\"og:image:height\" content=\"1064\" \/>\n\t<meta property=\"og:image:type\" content=\"image\/jpeg\" \/>\n<meta name=\"twitter:card\" content=\"summary_large_image\" \/>\n<meta name=\"twitter:label1\" content=\"Tiempo de lectura\" \/>\n\t<meta name=\"twitter:data1\" content=\"2 minutos\" \/>\n<script type=\"application\/ld+json\" class=\"yoast-schema-graph\">{\"@context\":\"https:\/\/schema.org\",\"@graph\":[{\"@type\":\"WebPage\",\"@id\":\"https:\/\/henkovac.com\/es\/departamento-de-ventas\/\",\"url\":\"https:\/\/henkovac.com\/es\/departamento-de-ventas\/\",\"name\":\"Departamento de ventas Contact | Henkovac - first choice for professionals\",\"isPartOf\":{\"@id\":\"https:\/\/henkovac.com\/es\/#website\"},\"primaryImageOfPage\":{\"@id\":\"https:\/\/henkovac.com\/es\/departamento-de-ventas\/#primaryimage\"},\"image\":{\"@id\":\"https:\/\/henkovac.com\/es\/departamento-de-ventas\/#primaryimage\"},\"thumbnailUrl\":\"https:\/\/henkovac.com\/wp-content\/uploads\/2019\/10\/TT-zoom3940.jpg\",\"datePublished\":\"2019-10-01T13:01:17+00:00\",\"dateModified\":\"2022-11-22T14:46:40+00:00\",\"description\":\"Nuestro equipo departamento de ventas est\u00e1 listo para usted. Si necesita asesoramiento sobre una m\u00e1quina de vac\u00edo, opciones especiales o estado de env\u00edo\",\"breadcrumb\":{\"@id\":\"https:\/\/henkovac.com\/es\/departamento-de-ventas\/#breadcrumb\"},\"inLanguage\":\"es\",\"potentialAction\":[{\"@type\":\"ReadAction\",\"target\":[\"https:\/\/henkovac.com\/es\/departamento-de-ventas\/\"]}]},{\"@type\":\"ImageObject\",\"inLanguage\":\"es\",\"@id\":\"https:\/\/henkovac.com\/es\/departamento-de-ventas\/#primaryimage\",\"url\":\"https:\/\/henkovac.com\/wp-content\/uploads\/2019\/10\/TT-zoom3940.jpg\",\"contentUrl\":\"https:\/\/henkovac.com\/wp-content\/uploads\/2019\/10\/TT-zoom3940.jpg\",\"width\":1000,\"height\":1064,\"caption\":\"Tabletop detail Food processing industry\"},{\"@type\":\"BreadcrumbList\",\"@id\":\"https:\/\/henkovac.com\/es\/departamento-de-ventas\/#breadcrumb\",\"itemListElement\":[{\"@type\":\"ListItem\",\"position\":1,\"name\":\"Home\",\"item\":\"https:\/\/henkovac.com\/es\/\"},{\"@type\":\"ListItem\",\"position\":2,\"name\":\"Departamento de ventas\"}]},{\"@type\":\"WebSite\",\"@id\":\"https:\/\/henkovac.com\/es\/#website\",\"url\":\"https:\/\/henkovac.com\/es\/\",\"name\":\"HENKOVAC\",\"description\":\"Vacuum Packaging Machines\",\"potentialAction\":[{\"@type\":\"SearchAction\",\"target\":{\"@type\":\"EntryPoint\",\"urlTemplate\":\"https:\/\/henkovac.com\/es\/?s={search_term_string}\"},\"query-input\":{\"@type\":\"PropertyValueSpecification\",\"valueRequired\":true,\"valueName\":\"search_term_string\"}}],\"inLanguage\":\"es\"}]}<\/script>\n<!-- \/ Yoast SEO plugin. -->","yoast_head_json":{"title":"Departamento de ventas Contact | Henkovac - first choice for professionals","description":"Nuestro equipo departamento de ventas est\u00e1 listo para usted. Si necesita asesoramiento sobre una m\u00e1quina de vac\u00edo, opciones especiales o estado de env\u00edo","robots":{"index":"index","follow":"follow","max-snippet":"max-snippet:-1","max-image-preview":"max-image-preview:large","max-video-preview":"max-video-preview:-1"},"canonical":"https:\/\/henkovac.com\/es\/departamento-de-ventas\/","og_locale":"es_ES","og_type":"article","og_title":"Departamento de ventas Contact | Henkovac - first choice for professionals","og_description":"Nuestro equipo departamento de ventas est\u00e1 listo para usted. Si necesita asesoramiento sobre una m\u00e1quina de vac\u00edo, opciones especiales o estado de env\u00edo","og_url":"https:\/\/henkovac.com\/es\/departamento-de-ventas\/","og_site_name":"HENKOVAC","article_modified_time":"2022-11-22T14:46:40+00:00","og_image":[{"width":1000,"height":1064,"url":"https:\/\/henkovac.com\/wp-content\/uploads\/2019\/10\/TT-zoom3940.jpg","type":"image\/jpeg"}],"twitter_card":"summary_large_image","twitter_misc":{"Tiempo de lectura":"2 minutos"},"schema":{"@context":"https:\/\/schema.org","@graph":[{"@type":"WebPage","@id":"https:\/\/henkovac.com\/es\/departamento-de-ventas\/","url":"https:\/\/henkovac.com\/es\/departamento-de-ventas\/","name":"Departamento de ventas Contact | Henkovac - first choice for professionals","isPartOf":{"@id":"https:\/\/henkovac.com\/es\/#website"},"primaryImageOfPage":{"@id":"https:\/\/henkovac.com\/es\/departamento-de-ventas\/#primaryimage"},"image":{"@id":"https:\/\/henkovac.com\/es\/departamento-de-ventas\/#primaryimage"},"thumbnailUrl":"https:\/\/henkovac.com\/wp-content\/uploads\/2019\/10\/TT-zoom3940.jpg","datePublished":"2019-10-01T13:01:17+00:00","dateModified":"2022-11-22T14:46:40+00:00","description":"Nuestro equipo departamento de ventas est\u00e1 listo para usted. Si necesita asesoramiento sobre una m\u00e1quina de vac\u00edo, opciones especiales o estado de env\u00edo","breadcrumb":{"@id":"https:\/\/henkovac.com\/es\/departamento-de-ventas\/#breadcrumb"},"inLanguage":"es","potentialAction":[{"@type":"ReadAction","target":["https:\/\/henkovac.com\/es\/departamento-de-ventas\/"]}]},{"@type":"ImageObject","inLanguage":"es","@id":"https:\/\/henkovac.com\/es\/departamento-de-ventas\/#primaryimage","url":"https:\/\/henkovac.com\/wp-content\/uploads\/2019\/10\/TT-zoom3940.jpg","contentUrl":"https:\/\/henkovac.com\/wp-content\/uploads\/2019\/10\/TT-zoom3940.jpg","width":1000,"height":1064,"caption":"Tabletop detail Food processing industry"},{"@type":"BreadcrumbList","@id":"https:\/\/henkovac.com\/es\/departamento-de-ventas\/#breadcrumb","itemListElement":[{"@type":"ListItem","position":1,"name":"Home","item":"https:\/\/henkovac.com\/es\/"},{"@type":"ListItem","position":2,"name":"Departamento de ventas"}]},{"@type":"WebSite","@id":"https:\/\/henkovac.com\/es\/#website","url":"https:\/\/henkovac.com\/es\/","name":"HENKOVAC","description":"Vacuum Packaging Machines","potentialAction":[{"@type":"SearchAction","target":{"@type":"EntryPoint","urlTemplate":"https:\/\/henkovac.com\/es\/?s={search_term_string}"},"query-input":{"@type":"PropertyValueSpecification","valueRequired":true,"valueName":"search_term_string"}}],"inLanguage":"es"}]}},"_links":{"self":[{"href":"https:\/\/henkovac.com\/es\/wp-json\/wp\/v2\/pages\/10175","targetHints":{"allow":["GET"]}}],"collection":[{"href":"https:\/\/henkovac.com\/es\/wp-json\/wp\/v2\/pages"}],"about":[{"href":"https:\/\/henkovac.com\/es\/wp-json\/wp\/v2\/types\/page"}],"author":[{"embeddable":true,"href":"https:\/\/henkovac.com\/es\/wp-json\/wp\/v2\/users\/7"}],"replies":[{"embeddable":true,"href":"https:\/\/henkovac.com\/es\/wp-json\/wp\/v2\/comments?post=10175"}],"version-history":[{"count":12,"href":"https:\/\/henkovac.com\/es\/wp-json\/wp\/v2\/pages\/10175\/revisions"}],"predecessor-version":[{"id":12530,"href":"https:\/\/henkovac.com\/es\/wp-json\/wp\/v2\/pages\/10175\/revisions\/12530"}],"wp:featuredmedia":[{"embeddable":true,"href":"https:\/\/henkovac.com\/es\/wp-json\/wp\/v2\/media\/3902"}],"wp:attachment":[{"href":"https:\/\/henkovac.com\/es\/wp-json\/wp\/v2\/media?parent=10175"}],"curies":[{"name":"wp","href":"https:\/\/api.w.org\/{rel}","templated":true}]}}