{"id":10168,"date":"2019-11-10T11:55:25","date_gmt":"2019-11-10T10:55:25","guid":{"rendered":"https:\/\/henkovac.com\/about-henkovac\/"},"modified":"2020-04-14T16:59:36","modified_gmt":"2020-04-14T15:59:36","slug":"sobre-henkovac","status":"publish","type":"page","link":"https:\/\/henkovac.com\/es\/sobre-henkovac\/","title":{"rendered":"Sobre Henkovac"},"content":{"rendered":"<p>[vc_row type=\u00bbfull_width_content\u00bb bg_image=\u00bb2610&#8243; top_padding=\u00bb0&#8243;][vc_column width=\u00bb1\/2&#8243; background_image=\u00bb5048&#8243;][vc_column_text]<br \/>\n[\/vc_column_text][\/vc_column][vc_column width=\u00bb1\/2&#8243; column_padding=\u00bb4%\u00bb background_color=\u00bb#f2f2f2&#8243; css=\u00bb.vc_custom_1570452007389{background-color: #f8f8f8 !important;}\u00bb][vc_empty_space height=\u00bb100&#8243;][vc_custom_heading text=\u00bb\u00a1ENCANTADOS DE CONOCERTE!\u00bb font_container=\u00bbtag:h1|font_size:48px|text_align:left|color:%23444444|line_height:56px\u00bb google_fonts=\u00bbfont_family:Open%20Sans%3A300%2C300italic%2Cregular%2Citalic%2C600%2C600italic%2C700%2C700italic%2C800%2C800italic|font_style:700%20bold%20regular%3A700%3Anormal\u00bb][vc_custom_heading text=\u00bb\u00a1SOMOS HENKOVAC INTERNATIONAL!\u00bb font_container=\u00bbtag:h2|font_size:34px|text_align:left|color:%23444444|line_height:44px\u00bb google_fonts=\u00bbfont_family:Raleway%3A100%2C200%2C300%2Cregular%2C500%2C600%2C700%2C800%2C900|font_style:300%20light%20regular%3A300%3Anormal\u00bb][vc_empty_space][vc_column_text]<\/p>\n<p class=\"p1\">Con sede en Pa\u00edses Bajos, Henkovac es uno de los inventores de la m\u00e1quina de envasado al vac\u00edo. Combinamos casi 70 a\u00f1os de experiencia con t\u00e9cnicas artesanales, dise\u00f1o vanguardista y tecnolog\u00eda de fabricaci\u00f3n, lo que garantiza que toda la maquinaria de Henkovac sea fiable e innovadora a la vez que cumple con los est\u00e1ndares de calidad m\u00e1s exigentes.<\/p>\n<p>[\/vc_column_text][vc_empty_space height=\u00bb100&#8243;][\/vc_column][\/vc_row][vc_row rtl_reverse=\u00bbyes\u00bb type=\u00bbfull_width_content\u00bb bg_image=\u00bb2610&#8243;][vc_column width=\u00bb1\/2&#8243; background_color=\u00bb#f8f8f8&#8243; css=\u00bb.vc_custom_1570451273977{background-color: #f8f8f8 !important;}\u00bb][vc_row_inner][vc_column_inner width=\u00bb1\/3&#8243;][\/vc_column_inner][vc_column_inner width=\u00bb2\/3&#8243;][vc_empty_space height=\u00bb200&#8243;][list icon=\u00bbsteadysets-icon-checkmark\u00bb][list_item title=\u00bbGAMA COMPLETA\u00bb][list_item title=\u00bbFIABLE\u00bb][list_item title=\u00bbF\u00c1CIL DE LIMPIAR e F\u00c1CIL DE USAR\u00bb][list_item title=\u00bbF\u00c1CIL DE PROGRAMAR e F\u00c1CIL DE MANTENER\u00bb][list_item title=\u00bbUNIDAD DE CONTROL DIGITAL CON LCD\u00bb][list_item title=\u00bbMUCHAS POSIBLES OPCIONES DISPONIBLES\u00bb][\/list][vc_empty_space height=\u00bb350&#8243;][\/vc_column_inner][\/vc_row_inner][\/vc_column][vc_column width=\u00bb1\/2&#8243; background_image=\u00bb5061&#8243;][vc_column_text]<br \/>\n[\/vc_column_text][\/vc_column][\/vc_row][vc_row type=\u00bbfull_width_content\u00bb bg_image=\u00bb2610&#8243; top_padding=\u00bb0&#8243;][vc_column width=\u00bb1\/2&#8243; centered_cont=\u00bbtrue\u00bb background_image=\u00bb3902&#8243;][vc_column_text]<br \/>\n[\/vc_column_text][\/vc_column][vc_column width=\u00bb1\/2&#8243; column_padding=\u00bb4%\u00bb background_color=\u00bb#f8f8f8&#8243; css=\u00bb.vc_custom_1429527138109{background-color: #f8f8f8 !important;}\u00bb][vc_empty_space height=\u00bb100&#8243;][vc_custom_heading text=\u00bbMarca l\u00edder\u00bb][vc_empty_space][vc_column_text]<\/p>\n<p class=\"p3\">Distribuimos la maquinaria Henkovac en m\u00e1s de 80 pa\u00edses y es una de las marcas l\u00edderes del mundo en maquinaria de envasado al vac\u00edo. La presencia local de una red de distribuidores de Henkovac garantiza un servicio r\u00e1pido, la posibilidad de conseguir recambios y asesoramiento personalizado.<\/p>\n<p>[\/vc_column_text][vc_custom_heading text=\u00bbRelaci\u00f3n calidad-precio\u00bb][vc_empty_space][vc_column_text]<\/p>\n<p class=\"p4\">El objetivo de Henkovac es proveer en todo momento maquinaria inmejorable a precios muy competitivos. Empleamos \u00fanicamente materiales de calidad para la fabricaci\u00f3n de equipamiento duradero, fiable y resistente, a mano de un grupo de profesionales, que garantizan a nuestros clientes que la relaci\u00f3n calidad-precio es inmejorable.<\/p>\n<p>[\/vc_column_text][vc_empty_space height=\u00bb100&#8243;][\/vc_column][\/vc_row][vc_row type=\u00bbfull_width_content\u00bb bg_image=\u00bb2610&#8243;][vc_column width=\u00bb1\/2&#8243; background_color=\u00bb#f8f8f8&#8243; css=\u00bb.vc_custom_1570451273977{background-color: #f8f8f8 !important;}\u00bb][vc_row_inner][vc_column_inner width=\u00bb1\/3&#8243;][\/vc_column_inner][vc_column_inner width=\u00bb2\/3&#8243;][vc_empty_space height=\u00bb200&#8243;][vc_column_text]<\/p>\n<h4>Henkovac International<\/h4>\n<p>Het Sterrenbeeld 36<br \/>\n5215 ML &#8216;s-Hertogenbosch<br \/>\nLos Pa\u00edses Bajos<\/p>\n<p>CONTACTO DIRECTO<\/p>\n<div class=\"contact-options\"><span class=\"contact-options__item\">Tel: <strong>+31 73 627 12 71<\/strong><br \/>\n<\/span><span class=\"contact-options__item\">Mail:\u00a0<strong><a class=\"link--animate\" href=\"mailto:info@henkovac.com\">info@henkovac.com<\/a><\/strong><\/span><\/div>\n<p>[\/vc_column_text][vc_empty_space height=\u00bb350&#8243;][\/vc_column_inner][\/vc_row_inner][\/vc_column][vc_column width=\u00bb1\/2&#8243;][vc_column_text]<iframe loading=\"lazy\" style=\"border: 0;\" src=\"https:\/\/www.google.com\/maps\/embed?pb=!1m18!1m12!1m3!1d2473.412902137036!2d5.3535010157938805!3d51.688888705238064!2m3!1f0!2f0!3f0!3m2!1i1024!2i768!4f13.1!3m3!1m2!1s0x47c6ef9e061e4f59%3A0x18e49b129367fb63!2sHenkovac!5e0!3m2!1sen!2snl!4v1576179490585!5m2!1sen!2snl\" width=\"850\" height=\"850\" frameborder=\"0\" allowfullscreen=\"allowfullscreen\"><\/iframe>[\/vc_column_text][\/vc_column][\/vc_row][vc_row][vc_column width=\u00bb1\/3&#8243; background_color=\u00bb#28c1cc\u00bb el_class=\u00bbkolomOver2&#8243; css=\u00bb.vc_custom_1569427107014{padding-top: 50px !important;padding-bottom: 50px !important;background-position: center !important;background-repeat: no-repeat !important;background-size: cover !important;}\u00bb][vc_empty_space height=\u00bb17&#8243;][vc_custom_heading text=\u00bbCONTACTO\u00bb font_container=\u00bbtag:h1|font_size:24|text_align:center|color:%23ffffff\u00bb use_theme_fonts=\u00bbyes\u00bb css_animation=\u00bbnone\u00bb link=\u00bburl:https%3A%2F%2Fhenkovac.com%2Fes%2Fdepartamento-de-ventas%2F|title:departamento-de-ventas||\u00bb][vc_empty_space height=\u00bb17&#8243;][\/vc_column][vc_column width=\u00bb1\/3&#8243; background_color=\u00bb#23a8a8&#8243; el_class=\u00bbkolomOver2&#8243; css=\u00bb.vc_custom_1569414151612{padding-top: 50px !important;padding-bottom: 50px !important;}\u00bb][vc_custom_heading text=\u00bbCREAR UN PRESUPUESTO PERSONAL\u00bb font_container=\u00bbtag:h1|font_size:24|text_align:center|color:%23ffffff\u00bb use_theme_fonts=\u00bbyes\u00bb link=\u00bburl:https%3A%2F%2Fhenkovac.com%2Fes%2Fsolicitar-una-cotizacion%2F|title:Request%20Quotation||\u00bb][\/vc_column][vc_column width=\u00bb1\/3&#8243; background_color=\u00bb#2698c1&#8243; el_class=\u00bbkolomOver2&#8243; css=\u00bb.vc_custom_1569426879142{padding-top: 50px !important;padding-bottom: 50px !important;}\u00bb][vc_custom_heading text=\u00bbCONVERTIRSE EN UN DISTRIBUIDOR\u00bb font_container=\u00bbtag:h1|font_size:24|text_align:center|color:%23ffffff\u00bb use_theme_fonts=\u00bbyes\u00bb link=\u00bburl:https%3A%2F%2Fhenkovac.com%2Fes%2Fconviertase-en-un-distribuidor%2F|title:Become%20a%20distributor||\u00bb][\/vc_column][\/vc_row][vc_row type=\u00bbfull_width_background\u00bb class=\u00bbkolomOver\u00bb][vc_column width=\u00bb1\/3&#8243; el_class=\u00bbkolomOver\u00bb][services_medium title=\u00bbINDUSTRIA C\u00c1RNICA\u00bb style=\u00bbstyle_3&#8243; icon=\u00bbsteadysets-icon-bones\u00bb icon_color=\u00bb#00b4d8&#8243; border_color=\u00bb#00b4d8&#8243; dynamic_content_link=\u00bbhttps:\/\/henkovac.com\/es\/markets\/industria-de-procesamiento-de-carne\/\u00bb]Envases de alta calidad para mejorar sus clientes.[\/services_medium][\/vc_column][vc_column width=\u00bb1\/3&#8243; el_class=\u00bbkolomOver\u00bb][services_medium title=\u00bbPROCESAMIENTO DE ALIMENTOS\u00bb style=\u00bbstyle_3&#8243; icon=\u00bblinecon-icon-food\u00bb icon_color=\u00bb#00b4d8&#8243; border_color=\u00bb#00b4d8&#8243; dynamic_content_link=\u00bbhttps:\/\/henkovac.com\/es\/markets\/industria-de-procesamiento-de-alimentos\/\u00bb]Optimizaci\u00f3n y flexibilidad en todo tipo de procesamiento de alimentos.[\/services_medium][\/vc_column][vc_column width=\u00bb1\/3&#8243; el_class=\u00bbkolomOver\u00bb][services_medium title=\u00bbINDUSTRIA NO ALIMENTARIA\u00bb style=\u00bbstyle_3&#8243; icon=\u00bbsteadysets-icon-lab\u00bb icon_color=\u00bb#00b4d8&#8243; border_color=\u00bb#00b4d8&#8243; dynamic_content_link=\u00bbhttps:\/\/henkovac.com\/es\/markets\/industria-no-alimentaria\/\u00bb]Protecci\u00f3n \u00f3ptima contra la suciedad, el polvo y la humedad.[\/services_medium][\/vc_column][\/vc_row][vc_row type=\u00bbfull_width_content\u00bb class=\u00bbnoPaddingMobile\u00bb][vc_column background_color=\u00bb#007cc2&#8243; background_color_opacity=\u00bb0.75&#8243;][vc_empty_space][vc_custom_heading text=\u00bbLA PRIMERA OPCI\u00d3N PARA PROFESIONALES DE TODO EL MUNDO\u00bb font_container=\u00bbtag:h2|font_size:35|text_align:center|color:%23ffffff|line_height:1.25&#8243; use_theme_fonts=\u00bbyes\u00bb][vc_empty_space][\/vc_column][\/vc_row]<\/p>\n","protected":false},"excerpt":{"rendered":"<p>[vc_row type=\u00bbfull_width_content\u00bb bg_image=\u00bb2610&#8243; top_padding=\u00bb0&#8243;][vc_column width=\u00bb1\/2&#8243; background_image=\u00bb5048&#8243;][vc_column_text] [\/vc_column_text][\/vc_column][vc_column width=\u00bb1\/2&#8243; column_padding=\u00bb4%\u00bb background_color=\u00bb#f2f2f2&#8243; css=\u00bb.vc_custom_1570452007389{background-color: #f8f8f8 !important;}\u00bb][vc_empty_space height=\u00bb100&#8243;][vc_custom_heading text=\u00bb\u00a1ENCANTADOS DE CONOCERTE!\u00bb font_container=\u00bbtag:h1|font_size:48px|text_align:left|color:%23444444|line_height:56px\u00bb google_fonts=\u00bbfont_family:Open%20Sans%3A300%2C300italic%2Cregular%2Citalic%2C600%2C600italic%2C700%2C700italic%2C800%2C800italic|font_style:700%20bold%20regular%3A700%3Anormal\u00bb][vc_custom_heading text=\u00bb\u00a1SOMOS HENKOVAC INTERNATIONAL!\u00bb font_container=\u00bbtag:h2|font_size:34px|text_align:left|color:%23444444|line_height:44px\u00bb google_fonts=\u00bbfont_family:Raleway%3A100%2C200%2C300%2Cregular%2C500%2C600%2C700%2C800%2C900|font_style:300%20light%20regular%3A300%3Anormal\u00bb][vc_empty_space][vc_column_text] Con sede en Pa\u00edses Bajos, Henkovac es uno de los inventores de la m\u00e1quina de envasado al vac\u00edo. Combinamos casi 70 a\u00f1os de experiencia con t\u00e9cnicas artesanales, dise\u00f1o vanguardista y tecnolog\u00eda [&hellip;]<\/p>\n","protected":false},"author":7,"featured_media":3902,"parent":0,"menu_order":0,"comment_status":"closed","ping_status":"closed","template":"","meta":{"_monsterinsights_skip_tracking":false,"_monsterinsights_sitenote_active":false,"_monsterinsights_sitenote_note":"","_monsterinsights_sitenote_category":0,"footnotes":""},"class_list":["post-10168","page","type-page","status-publish","has-post-thumbnail","hentry"],"yoast_head":"<!-- This site is optimized with the Yoast SEO plugin v25.7 - https:\/\/yoast.com\/wordpress\/plugins\/seo\/ -->\n<title>Henkovac International | Sobre Henkovac - first choice for professionals<\/title>\n<meta name=\"description\" content=\"Henkovac es uno de los inventores y fabricantes de m\u00e1quinas profesionales de envasado al vac\u00edo, distribuidas en m\u00e1s de 80 pa\u00edses\" \/>\n<meta name=\"robots\" content=\"index, follow, max-snippet:-1, max-image-preview:large, max-video-preview:-1\" \/>\n<link rel=\"canonical\" href=\"https:\/\/henkovac.com\/es\/sobre-henkovac\/\" \/>\n<meta property=\"og:locale\" content=\"es_ES\" \/>\n<meta property=\"og:type\" content=\"article\" \/>\n<meta property=\"og:title\" content=\"Henkovac International | Sobre Henkovac - first choice for professionals\" \/>\n<meta property=\"og:description\" content=\"Henkovac es uno de los inventores y fabricantes de m\u00e1quinas profesionales de envasado al vac\u00edo, distribuidas en m\u00e1s de 80 pa\u00edses\" \/>\n<meta property=\"og:url\" content=\"https:\/\/henkovac.com\/es\/sobre-henkovac\/\" \/>\n<meta property=\"og:site_name\" content=\"HENKOVAC\" \/>\n<meta property=\"article:modified_time\" content=\"2020-04-14T15:59:36+00:00\" \/>\n<meta property=\"og:image\" content=\"https:\/\/henkovac.com\/wp-content\/uploads\/2019\/10\/TT-zoom3940.jpg\" \/>\n\t<meta property=\"og:image:width\" content=\"1000\" \/>\n\t<meta property=\"og:image:height\" content=\"1064\" \/>\n\t<meta property=\"og:image:type\" content=\"image\/jpeg\" \/>\n<meta name=\"twitter:card\" content=\"summary_large_image\" \/>\n<meta name=\"twitter:label1\" content=\"Tiempo de lectura\" \/>\n\t<meta name=\"twitter:data1\" content=\"5 minutos\" \/>\n<script type=\"application\/ld+json\" class=\"yoast-schema-graph\">{\"@context\":\"https:\/\/schema.org\",\"@graph\":[{\"@type\":\"WebPage\",\"@id\":\"https:\/\/henkovac.com\/es\/sobre-henkovac\/\",\"url\":\"https:\/\/henkovac.com\/es\/sobre-henkovac\/\",\"name\":\"Henkovac International | Sobre Henkovac - first choice for professionals\",\"isPartOf\":{\"@id\":\"https:\/\/henkovac.com\/es\/#website\"},\"primaryImageOfPage\":{\"@id\":\"https:\/\/henkovac.com\/es\/sobre-henkovac\/#primaryimage\"},\"image\":{\"@id\":\"https:\/\/henkovac.com\/es\/sobre-henkovac\/#primaryimage\"},\"thumbnailUrl\":\"https:\/\/henkovac.com\/wp-content\/uploads\/2019\/10\/TT-zoom3940.jpg\",\"datePublished\":\"2019-11-10T10:55:25+00:00\",\"dateModified\":\"2020-04-14T15:59:36+00:00\",\"description\":\"Henkovac es uno de los inventores y fabricantes de m\u00e1quinas profesionales de envasado al vac\u00edo, distribuidas en m\u00e1s de 80 pa\u00edses\",\"breadcrumb\":{\"@id\":\"https:\/\/henkovac.com\/es\/sobre-henkovac\/#breadcrumb\"},\"inLanguage\":\"es\",\"potentialAction\":[{\"@type\":\"ReadAction\",\"target\":[\"https:\/\/henkovac.com\/es\/sobre-henkovac\/\"]}]},{\"@type\":\"ImageObject\",\"inLanguage\":\"es\",\"@id\":\"https:\/\/henkovac.com\/es\/sobre-henkovac\/#primaryimage\",\"url\":\"https:\/\/henkovac.com\/wp-content\/uploads\/2019\/10\/TT-zoom3940.jpg\",\"contentUrl\":\"https:\/\/henkovac.com\/wp-content\/uploads\/2019\/10\/TT-zoom3940.jpg\",\"width\":1000,\"height\":1064,\"caption\":\"Tabletop detail Food processing industry\"},{\"@type\":\"BreadcrumbList\",\"@id\":\"https:\/\/henkovac.com\/es\/sobre-henkovac\/#breadcrumb\",\"itemListElement\":[{\"@type\":\"ListItem\",\"position\":1,\"name\":\"Home\",\"item\":\"https:\/\/henkovac.com\/es\/\"},{\"@type\":\"ListItem\",\"position\":2,\"name\":\"Sobre Henkovac\"}]},{\"@type\":\"WebSite\",\"@id\":\"https:\/\/henkovac.com\/es\/#website\",\"url\":\"https:\/\/henkovac.com\/es\/\",\"name\":\"HENKOVAC\",\"description\":\"Vacuum Packaging Machines\",\"potentialAction\":[{\"@type\":\"SearchAction\",\"target\":{\"@type\":\"EntryPoint\",\"urlTemplate\":\"https:\/\/henkovac.com\/es\/?s={search_term_string}\"},\"query-input\":{\"@type\":\"PropertyValueSpecification\",\"valueRequired\":true,\"valueName\":\"search_term_string\"}}],\"inLanguage\":\"es\"}]}<\/script>\n<!-- \/ Yoast SEO plugin. -->","yoast_head_json":{"title":"Henkovac International | Sobre Henkovac - first choice for professionals","description":"Henkovac es uno de los inventores y fabricantes de m\u00e1quinas profesionales de envasado al vac\u00edo, distribuidas en m\u00e1s de 80 pa\u00edses","robots":{"index":"index","follow":"follow","max-snippet":"max-snippet:-1","max-image-preview":"max-image-preview:large","max-video-preview":"max-video-preview:-1"},"canonical":"https:\/\/henkovac.com\/es\/sobre-henkovac\/","og_locale":"es_ES","og_type":"article","og_title":"Henkovac International | Sobre Henkovac - first choice for professionals","og_description":"Henkovac es uno de los inventores y fabricantes de m\u00e1quinas profesionales de envasado al vac\u00edo, distribuidas en m\u00e1s de 80 pa\u00edses","og_url":"https:\/\/henkovac.com\/es\/sobre-henkovac\/","og_site_name":"HENKOVAC","article_modified_time":"2020-04-14T15:59:36+00:00","og_image":[{"width":1000,"height":1064,"url":"https:\/\/henkovac.com\/wp-content\/uploads\/2019\/10\/TT-zoom3940.jpg","type":"image\/jpeg"}],"twitter_card":"summary_large_image","twitter_misc":{"Tiempo de lectura":"5 minutos"},"schema":{"@context":"https:\/\/schema.org","@graph":[{"@type":"WebPage","@id":"https:\/\/henkovac.com\/es\/sobre-henkovac\/","url":"https:\/\/henkovac.com\/es\/sobre-henkovac\/","name":"Henkovac International | Sobre Henkovac - first choice for professionals","isPartOf":{"@id":"https:\/\/henkovac.com\/es\/#website"},"primaryImageOfPage":{"@id":"https:\/\/henkovac.com\/es\/sobre-henkovac\/#primaryimage"},"image":{"@id":"https:\/\/henkovac.com\/es\/sobre-henkovac\/#primaryimage"},"thumbnailUrl":"https:\/\/henkovac.com\/wp-content\/uploads\/2019\/10\/TT-zoom3940.jpg","datePublished":"2019-11-10T10:55:25+00:00","dateModified":"2020-04-14T15:59:36+00:00","description":"Henkovac es uno de los inventores y fabricantes de m\u00e1quinas profesionales de envasado al vac\u00edo, distribuidas en m\u00e1s de 80 pa\u00edses","breadcrumb":{"@id":"https:\/\/henkovac.com\/es\/sobre-henkovac\/#breadcrumb"},"inLanguage":"es","potentialAction":[{"@type":"ReadAction","target":["https:\/\/henkovac.com\/es\/sobre-henkovac\/"]}]},{"@type":"ImageObject","inLanguage":"es","@id":"https:\/\/henkovac.com\/es\/sobre-henkovac\/#primaryimage","url":"https:\/\/henkovac.com\/wp-content\/uploads\/2019\/10\/TT-zoom3940.jpg","contentUrl":"https:\/\/henkovac.com\/wp-content\/uploads\/2019\/10\/TT-zoom3940.jpg","width":1000,"height":1064,"caption":"Tabletop detail Food processing industry"},{"@type":"BreadcrumbList","@id":"https:\/\/henkovac.com\/es\/sobre-henkovac\/#breadcrumb","itemListElement":[{"@type":"ListItem","position":1,"name":"Home","item":"https:\/\/henkovac.com\/es\/"},{"@type":"ListItem","position":2,"name":"Sobre Henkovac"}]},{"@type":"WebSite","@id":"https:\/\/henkovac.com\/es\/#website","url":"https:\/\/henkovac.com\/es\/","name":"HENKOVAC","description":"Vacuum Packaging Machines","potentialAction":[{"@type":"SearchAction","target":{"@type":"EntryPoint","urlTemplate":"https:\/\/henkovac.com\/es\/?s={search_term_string}"},"query-input":{"@type":"PropertyValueSpecification","valueRequired":true,"valueName":"search_term_string"}}],"inLanguage":"es"}]}},"_links":{"self":[{"href":"https:\/\/henkovac.com\/es\/wp-json\/wp\/v2\/pages\/10168","targetHints":{"allow":["GET"]}}],"collection":[{"href":"https:\/\/henkovac.com\/es\/wp-json\/wp\/v2\/pages"}],"about":[{"href":"https:\/\/henkovac.com\/es\/wp-json\/wp\/v2\/types\/page"}],"author":[{"embeddable":true,"href":"https:\/\/henkovac.com\/es\/wp-json\/wp\/v2\/users\/7"}],"replies":[{"embeddable":true,"href":"https:\/\/henkovac.com\/es\/wp-json\/wp\/v2\/comments?post=10168"}],"version-history":[{"count":4,"href":"https:\/\/henkovac.com\/es\/wp-json\/wp\/v2\/pages\/10168\/revisions"}],"predecessor-version":[{"id":10170,"href":"https:\/\/henkovac.com\/es\/wp-json\/wp\/v2\/pages\/10168\/revisions\/10170"}],"wp:featuredmedia":[{"embeddable":true,"href":"https:\/\/henkovac.com\/es\/wp-json\/wp\/v2\/media\/3902"}],"wp:attachment":[{"href":"https:\/\/henkovac.com\/es\/wp-json\/wp\/v2\/media?parent=10168"}],"curies":[{"name":"wp","href":"https:\/\/api.w.org\/{rel}","templated":true}]}}