{"id":10065,"date":"2019-10-24T09:06:23","date_gmt":"2019-10-24T08:06:23","guid":{"rendered":"https:\/\/henkovac.com\/markets\/non-food-industry\/"},"modified":"2020-04-29T10:55:40","modified_gmt":"2020-04-29T09:55:40","slug":"industria-no-alimentaria","status":"publish","type":"page","link":"https:\/\/henkovac.com\/es\/markets\/industria-no-alimentaria\/","title":{"rendered":"Industria no alimentaria"},"content":{"rendered":"<p>[vc_row type=\u00bbfull_width_content\u00bb bg_image=\u00bb2610&#8243; top_padding=\u00bb0&#8243;][vc_column width=\u00bb1\/2&#8243; background_image=\u00bb4069&#8243;][vc_column_text]<br \/>\n[\/vc_column_text][\/vc_column][vc_column width=\u00bb1\/2&#8243; column_padding=\u00bb4%\u00bb background_color=\u00bb#f2f2f2&#8243; css=\u00bb.vc_custom_1570452007389{background-color: #f8f8f8 !important;}\u00bb][vc_empty_space height=\u00bb100&#8243;][vc_custom_heading text=\u00bbEnvasado al vac\u00edo en<br \/>\nla industria no alimentaria\u00bb font_container=\u00bbtag:h1|font_size:48px|text_align:left|color:%23444444|line_height:56px\u00bb google_fonts=\u00bbfont_family:Open%20Sans%3A300%2C300italic%2Cregular%2Citalic%2C600%2C600italic%2C700%2C700italic%2C800%2C800italic|font_style:700%20bold%20regular%3A700%3Anormal\u00bb][vc_custom_heading text=\u00bbProductos de consumo e industriales\u00bb font_container=\u00bbtag:h2|font_size:34px|text_align:left|color:%23444444|line_height:44px\u00bb google_fonts=\u00bbfont_family:Raleway%3A100%2C200%2C300%2Cregular%2C500%2C600%2C700%2C800%2C900|font_style:300%20light%20regular%3A300%3Anormal\u00bb][vc_empty_space][vc_column_text]En la industria no alimentaria, las m\u00e1quinas de envasado al vac\u00edo se utilizan para aplicaciones y situaciones especiales a menudo. Esto puede abarcar desde el envasado higi\u00e9nico en la industria farmac\u00e9utica a los productos esterilizados para su uso y reutilizaci\u00f3n en hospitales. En la industria electr\u00f3nica, el envasado al vac\u00edo se utiliza para evitar que los componentes sensibles se deslicen dentro del envase. Tambi\u00e9n protege los productos de la suciedad, el polvo y la corrosi\u00f3n. La industria de defensa utiliza el envasado al vac\u00edo, por ejemplo, para envasar explosivos. Los bancos podr\u00edan usar el empaquetado al vac\u00edo para empacar dinero para evitar el fraude. El envasado al vac\u00edo tambi\u00e9n se utiliza para reducir el volumen de productos voluminosos para reducir el costo de transporte y mejorar la manipulaci\u00f3n.[\/vc_column_text][vc_empty_space height=\u00bb100&#8243;][\/vc_column][\/vc_row][vc_row type=\u00bbfull_width_content\u00bb bg_image=\u00bb2610&#8243;][vc_column width=\u00bb1\/2&#8243; background_color=\u00bb#f8f8f8&#8243; css=\u00bb.vc_custom_1570451273977{background-color: #f8f8f8 !important;}\u00bb][vc_row_inner][vc_column_inner width=\u00bb1\/3&#8243;][\/vc_column_inner][vc_column_inner width=\u00bb2\/3&#8243;][vc_empty_space height=\u00bb200&#8243;][list icon=\u00bbsteadysets-icon-checkmark\u00bb][list_item title=\u00bbProtecci\u00f3n y reducci\u00f3n de volumen\u00bb][list_item title=\u00bbEvitar meter la suciedad y el polvo externos\u00bb][list_item title=\u00bbLos ara\u00f1azos y roces se evitaron\u00bb][list_item title=\u00bbPrevenir la oxidaci\u00f3n\u00bb][list_item title=\u00bbAhorrar en los costos de almacenamiento y transporte\u00bb][list_item title=\u00bbAhorrar en los costos de almacenamiento y transporte\u00bb][\/list][vc_empty_space height=\u00bb350&#8243;][\/vc_column_inner][\/vc_row_inner][\/vc_column][vc_column width=\u00bb1\/2&#8243; background_image=\u00bb4099&#8243; offset=\u00bbvc_hidden-sm vc_hidden-xs\u00bb][vc_column_text]<br \/>\n[\/vc_column_text][\/vc_column][\/vc_row][vc_row type=\u00bbfull_width_content\u00bb bg_image=\u00bb2610&#8243; top_padding=\u00bb0&#8243;][vc_column width=\u00bb1\/2&#8243; centered_cont=\u00bbtrue\u00bb background_image=\u00bb4074&#8243;][vc_column_text]<br \/>\n[\/vc_column_text][\/vc_column][vc_column width=\u00bb1\/2&#8243; column_padding=\u00bb4%\u00bb background_color=\u00bb#f8f8f8&#8243; css=\u00bb.vc_custom_1429527138109{background-color: #f8f8f8 !important;}\u00bb][vc_empty_space height=\u00bb100&#8243;][vc_custom_heading text=\u00bbDise\u00f1o personalizado\u00bb][vc_empty_space][vc_column_text]Debido a las diversas aplicaciones y requisitos de las diferentes industrias, nuestro departamento de ingenier\u00eda puede modificar el dise\u00f1o y las opciones de las m\u00e1quinas para adaptarlas a los requisitos especiales de la industria no alimentaria.[\/vc_column_text][vc_empty_space height=\u00bb100&#8243;][\/vc_column][\/vc_row][vc_row type=\u00bbfull_width_background\u00bb bg_color=\u00bb#f9f9f9&#8243;][vc_column][vc_column_text]<\/p>\n<h2 style=\"text-align: center;\">Productos relacionados<\/h2>\n<p>[\/vc_column_text][vc_empty_space][vc_row_inner][vc_column_inner width=\u00bb1\/4&#8243; background_color=\u00bb#ffffff\u00bb el_class=\u00bbkolomOver\u00bb][vc_single_image image=\u00bb5710&#8243; img_size=\u00bbfull\u00bb alignment=\u00bbcenter\u00bb onclick=\u00bbcustom_link\u00bb link=\u00bbhttps:\/\/henkovac.com\/es\/modelos-de-mesa\/\u00bb][vc_custom_heading text=\u00bbMODELOS DE MESA\u00bb font_container=\u00bbtag:h2|font_size:14|text_align:center|line_height:1&#8243; use_theme_fonts=\u00bbyes\u00bb link=\u00bb|||\u00bb][vc_column_text]<\/p>\n<p style=\"text-align: center;\"><span style=\"color: #00b4d8;\"><a style=\"color: #00b4d8;\" href=\"https:\/\/henkovac.com\/es\/modelos-de-mesa\/modelos-de-mesa-t2\/\">T2<\/a> &#8211; <a style=\"color: #00b4d8;\" href=\"https:\/\/henkovac.com\/es\/modelos-de-mesa\/modelos-de-mesa-t3\/\">T3<\/a> &#8211;<a style=\"color: #00b4d8;\" href=\"https:\/\/henkovac.com\/es\/modelos-de-mesa\/modelos-de-mesa-t4\/\">T4<\/a> &#8211; <a style=\"color: #00b4d8;\" href=\"https:\/\/henkovac.com\/es\/modelos-de-mesa\/modelos-de-mesa-t5\/\">T5<\/a> &#8211; <a style=\"color: #00b4d8;\" href=\"https:\/\/henkovac.com\/es\/modelos-de-mesa\/modelos-de-mesa-t6\/\">T6<\/a><\/span><\/p>\n<p>[\/vc_column_text][\/vc_column_inner][vc_column_inner width=\u00bb1\/4&#8243; el_class=\u00bbkolomOver\u00bb][vc_single_image image=\u00bb4181&#8243; img_size=\u00bbfull\u00bb alignment=\u00bbcenter\u00bb onclick=\u00bbcustom_link\u00bb link=\u00bbhttps:\/\/henkovac.com\/es\/rango-movil\/\u00bb][vc_custom_heading text=\u00bbM\u00d3VIL\u00bb font_container=\u00bbtag:h2|font_size:14|text_align:center|line_height:1&#8243; use_theme_fonts=\u00bbyes\u00bb][vc_column_text]<\/p>\n<p style=\"text-align: center;\"><span style=\"color: #00b4d8;\"><a style=\"color: #00b4d8;\" href=\"https:\/\/henkovac.com\/es\/rango-movil\/movil-m1\/\">M1<\/a>\u00a0 &#8211; <a style=\"color: #00b4d8;\" href=\"https:\/\/henkovac.com\/es\/rango-movil\/movil-m2\/\">M2<\/a> &#8211; <a style=\"color: #00b4d8;\" href=\"https:\/\/henkovac.com\/es\/rango-movil\/movil-m3\/\">M3<\/a> &#8211; <\/span><span style=\"color: #00b4d8;\"><a style=\"color: #00b4d8;\" href=\"https:\/\/henkovac.com\/es\/rango-movil\/movil-m4\/\">M4<\/a> &#8211; <a style=\"color: #00b4d8;\" href=\"https:\/\/henkovac.com\/es\/rango-movil\/movil-m5\/\">M5<\/a> &#8211; <a style=\"color: #00b4d8;\" href=\"https:\/\/henkovac.com\/es\/rango-movil\/movil-m6\/\">M6<\/a> &#8211; <a style=\"color: #00b4d8;\" href=\"https:\/\/henkovac.com\/es\/rango-movil\/movil-m7\/\">M7<\/a> &#8211; <a style=\"color: #00b4d8;\" href=\"https:\/\/henkovac.com\/es\/rango-movil\/movil-m8\/\">M8<\/a><\/span><\/p>\n<p>[\/vc_column_text][\/vc_column_inner][vc_column_inner width=\u00bb1\/4&#8243; el_class=\u00bbkolomOver\u00bb][vc_single_image image=\u00bb4400&#8243; img_size=\u00bbfull\u00bb alignment=\u00bbcenter\u00bb onclick=\u00bbcustom_link\u00bb link=\u00bbhttps:\/\/henkovac.com\/es\/rango-doble-campana\/\u00bb][vc_custom_heading text=\u00bbDOBLE CAMPANA\u00bb font_container=\u00bbtag:h2|font_size:14|text_align:center|line_height:1&#8243; use_theme_fonts=\u00bbyes\u00bb][vc_column_text]<\/p>\n<p style=\"text-align: center;\"><span style=\"color: #00b4d8;\"><a style=\"color: #00b4d8;\" href=\"https:\/\/henkovac.com\/es\/rango-doble-campana\/doble-campana-d1\/\">D1<\/a> &#8211; <a style=\"color: #00b4d8;\" href=\"https:\/\/henkovac.com\/es\/rango-doble-campana\/doble-campana-d3\/\">D3<\/a> &#8211; <a style=\"color: #00b4d8;\" href=\"https:\/\/henkovac.com\/es\/rango-doble-campana\/doble-campana-d4\/\">D4<\/a> &#8211; <a style=\"color: #00b4d8;\" href=\"https:\/\/henkovac.com\/es\/rango-doble-campana\/doble-campana-d6\/\">D6<\/a>\u00a0<\/span><\/p>\n<p>[\/vc_column_text][\/vc_column_inner][vc_column_inner width=\u00bb1\/4&#8243;][vc_single_image image=\u00bb4728&#8243; img_size=\u00bbfull\u00bb alignment=\u00bbcenter\u00bb onclick=\u00bbcustom_link\u00bb link=\u00bbhttps:\/\/henkovac.com\/es\/encharoladoras\/\u00bb][vc_custom_heading text=\u00bbENCHAROLADORAS\u00bb font_container=\u00bbtag:h2|font_size:14|text_align:center|line_height:1&#8243; use_theme_fonts=\u00bbyes\u00bb][vc_column_text]<\/p>\n<p style=\"text-align: center;\"><span style=\"color: #00b4d8;\"><a style=\"color: #00b4d8;\" href=\"https:\/\/henkovac.com\/es\/encharoladoras\/encharoladoras-tps-xl\/\">TPS XL<\/a> &#8211; <a style=\"color: #00b4d8;\" href=\"https:\/\/henkovac.com\/es\/encharoladoras\/encharoladoras-tps-1000-2000\/\">TPS 1000\/2000<\/a>\u00a0<\/span><\/p>\n<p>[\/vc_column_text][\/vc_column_inner][\/vc_row_inner][vc_empty_space][vc_row_inner el_class=\u00bbkolomOver\u00bb][vc_column_inner width=\u00bb1\/4&#8243; el_class=\u00bbkolomOver\u00bb][\/vc_column_inner][vc_column_inner width=\u00bb1\/4&#8243; el_class=\u00bbkolomOver\u00bb][vc_single_image image=\u00bb4733&#8243; img_size=\u00bbfull\u00bb alignment=\u00bbcenter\u00bb onclick=\u00bbcustom_link\u00bb link=\u00bbhttps:\/\/henkovac.com\/es\/termoformadoras\/\u00bb][vc_custom_heading text=\u00bbTERMOFORMADORAS\u00bb font_container=\u00bbtag:h2|font_size:14|text_align:center|line_height:1&#8243; use_theme_fonts=\u00bbyes\u00bb][vc_column_text]<\/p>\n<p style=\"text-align: center;\"><span style=\"color: #00b4d8;\"><a style=\"color: #00b4d8;\" href=\"https:\/\/henkovac.com\/es\/termoformadoras\/\">hecho a medida<\/a><\/span><\/p>\n<p>[\/vc_column_text][\/vc_column_inner][vc_column_inner width=\u00bb1\/4&#8243; background_color=\u00bb#ffffff\u00bb el_class=\u00bbkolomOver\u00bb][vc_single_image image=\u00bb4712&#8243; img_size=\u00bbfull\u00bb alignment=\u00bbcenter\u00bb onclick=\u00bbcustom_link\u00bb link=\u00bbhttps:\/\/henkovac.com\/es\/linea-de-empaque-automatica\/\u00bb][vc_custom_heading text=\u00bbLI\u0301NEA DE EMPAQUE AUTOMA\u0301TICA\u00bb font_container=\u00bbtag:h2|font_size:14|text_align:center|line_height:1&#8243; use_theme_fonts=\u00bbyes\u00bb link=\u00bb|||\u00bb][vc_column_text]<\/p>\n<p style=\"text-align: center;\"><span style=\"color: #00b4d8;\"><a style=\"color: #00b4d8;\" href=\"https:\/\/henkovac.com\/es\/linea-de-empaque-automatica\/\">A5000<\/a><\/span><\/p>\n<p>[\/vc_column_text][\/vc_column_inner][vc_column_inner width=\u00bb1\/4&#8243;][\/vc_column_inner][\/vc_row_inner][\/vc_column][\/vc_row][vc_row type=\u00bbfull_width_background\u00bb class=\u00bbkolomOver\u00bb][vc_column width=\u00bb1\/3&#8243; el_class=\u00bbkolomOver\u00bb][services_medium title=\u00bbMeat industry\u00bb style=\u00bbstyle_3&#8243; icon=\u00bbsteadysets-icon-bones\u00bb icon_color=\u00bb#00b4d8&#8243; border_color=\u00bb#00b4d8&#8243; dynamic_content_link=\u00bbhttps:\/\/henkovac.com\/markets\/meat-processing-industry\/\u00bb]High quality packaging to improve your customers.[\/services_medium][\/vc_column][vc_column width=\u00bb1\/3&#8243; el_class=\u00bbkolomOver\u00bb][services_medium title=\u00bbFood processing\u00bb style=\u00bbstyle_3&#8243; icon=\u00bblinecon-icon-food\u00bb icon_color=\u00bb#00b4d8&#8243; border_color=\u00bb#00b4d8&#8243; dynamic_content_link=\u00bbhttps:\/\/henkovac.com\/markets\/food-processing-industry\/\u00bb]Optimization and flexibility in all kind of food processing[\/services_medium][\/vc_column][vc_column width=\u00bb1\/3&#8243; el_class=\u00bbkolomOver\u00bb][services_medium title=\u00bbNon-food Industry\u00bb style=\u00bbstyle_3&#8243; icon=\u00bbsteadysets-icon-lab\u00bb icon_color=\u00bb#00b4d8&#8243; border_color=\u00bb#00b4d8&#8243; dynamic_content_link=\u00bbhttps:\/\/henkovac.com\/markets\/non-food-industry\/\u00bb]Optimal protection against dirt, dust and moist.[\/services_medium][\/vc_column][\/vc_row][vc_row type=\u00bbfull_width_content\u00bb class=\u00bbnoPaddingMobile\u00bb][vc_column background_color=\u00bb#007cc2&#8243; background_color_opacity=\u00bb0.75&#8243;][vc_empty_space][vc_custom_heading text=\u00bbLA PRIMERA OPCI\u00d3N PARA PROFESIONALES DE TODO EL MUNDO\u00bb font_container=\u00bbtag:h2|font_size:35|text_align:center|color:%23ffffff|line_height:1.25&#8243; use_theme_fonts=\u00bbyes\u00bb][vc_empty_space][\/vc_column][\/vc_row]<\/p>\n","protected":false},"excerpt":{"rendered":"<p>[vc_row type=\u00bbfull_width_content\u00bb bg_image=\u00bb2610&#8243; top_padding=\u00bb0&#8243;][vc_column width=\u00bb1\/2&#8243; background_image=\u00bb4069&#8243;][vc_column_text] [\/vc_column_text][\/vc_column][vc_column width=\u00bb1\/2&#8243; column_padding=\u00bb4%\u00bb background_color=\u00bb#f2f2f2&#8243; css=\u00bb.vc_custom_1570452007389{background-color: #f8f8f8 !important;}\u00bb][vc_empty_space height=\u00bb100&#8243;][vc_custom_heading text=\u00bbEnvasado al vac\u00edo en la industria no alimentaria\u00bb font_container=\u00bbtag:h1|font_size:48px|text_align:left|color:%23444444|line_height:56px\u00bb google_fonts=\u00bbfont_family:Open%20Sans%3A300%2C300italic%2Cregular%2Citalic%2C600%2C600italic%2C700%2C700italic%2C800%2C800italic|font_style:700%20bold%20regular%3A700%3Anormal\u00bb][vc_custom_heading text=\u00bbProductos de consumo e industriales\u00bb font_container=\u00bbtag:h2|font_size:34px|text_align:left|color:%23444444|line_height:44px\u00bb google_fonts=\u00bbfont_family:Raleway%3A100%2C200%2C300%2Cregular%2C500%2C600%2C700%2C800%2C900|font_style:300%20light%20regular%3A300%3Anormal\u00bb][vc_empty_space][vc_column_text]En la industria no alimentaria, las m\u00e1quinas de envasado al vac\u00edo se utilizan para aplicaciones y situaciones especiales a menudo. Esto puede abarcar desde el [&hellip;]<\/p>\n","protected":false},"author":7,"featured_media":3902,"parent":10038,"menu_order":0,"comment_status":"closed","ping_status":"closed","template":"","meta":{"_monsterinsights_skip_tracking":false,"_monsterinsights_sitenote_active":false,"_monsterinsights_sitenote_note":"","_monsterinsights_sitenote_category":0,"footnotes":""},"class_list":["post-10065","page","type-page","status-publish","has-post-thumbnail","hentry"],"yoast_head":"<!-- This site is optimized with the Yoast SEO plugin v25.7 - https:\/\/yoast.com\/wordpress\/plugins\/seo\/ -->\n<title>industria no alimentaria m\u00e1quinas | Henkovac - 1st choice for professionals<\/title>\n<meta name=\"description\" content=\"Proteger los bienes de consumo e industriales contra la suciedad, el polvo, la corrosi\u00f3n o para reducir los vol\u00famenes de productos en industria no alimentaria\" \/>\n<meta name=\"robots\" content=\"index, follow, max-snippet:-1, max-image-preview:large, max-video-preview:-1\" \/>\n<link rel=\"canonical\" href=\"https:\/\/henkovac.com\/es\/markets\/industria-no-alimentaria\/\" \/>\n<meta property=\"og:locale\" content=\"es_ES\" \/>\n<meta property=\"og:type\" content=\"article\" \/>\n<meta property=\"og:title\" content=\"industria no alimentaria m\u00e1quinas | Henkovac - 1st choice for professionals\" \/>\n<meta property=\"og:description\" content=\"Proteger los bienes de consumo e industriales contra la suciedad, el polvo, la corrosi\u00f3n o para reducir los vol\u00famenes de productos en industria no alimentaria\" \/>\n<meta property=\"og:url\" content=\"https:\/\/henkovac.com\/es\/markets\/industria-no-alimentaria\/\" \/>\n<meta property=\"og:site_name\" content=\"HENKOVAC\" \/>\n<meta property=\"article:modified_time\" content=\"2020-04-29T09:55:40+00:00\" \/>\n<meta property=\"og:image\" content=\"https:\/\/henkovac.com\/wp-content\/uploads\/2019\/10\/TT-zoom3940.jpg\" \/>\n\t<meta property=\"og:image:width\" content=\"1000\" \/>\n\t<meta property=\"og:image:height\" content=\"1064\" \/>\n\t<meta property=\"og:image:type\" content=\"image\/jpeg\" \/>\n<meta name=\"twitter:card\" content=\"summary_large_image\" \/>\n<meta name=\"twitter:label1\" content=\"Tiempo de lectura\" \/>\n\t<meta name=\"twitter:data1\" content=\"6 minutos\" \/>\n<script type=\"application\/ld+json\" class=\"yoast-schema-graph\">{\"@context\":\"https:\/\/schema.org\",\"@graph\":[{\"@type\":\"WebPage\",\"@id\":\"https:\/\/henkovac.com\/es\/markets\/industria-no-alimentaria\/\",\"url\":\"https:\/\/henkovac.com\/es\/markets\/industria-no-alimentaria\/\",\"name\":\"industria no alimentaria m\u00e1quinas | Henkovac - 1st choice for professionals\",\"isPartOf\":{\"@id\":\"https:\/\/henkovac.com\/es\/#website\"},\"primaryImageOfPage\":{\"@id\":\"https:\/\/henkovac.com\/es\/markets\/industria-no-alimentaria\/#primaryimage\"},\"image\":{\"@id\":\"https:\/\/henkovac.com\/es\/markets\/industria-no-alimentaria\/#primaryimage\"},\"thumbnailUrl\":\"https:\/\/henkovac.com\/wp-content\/uploads\/2019\/10\/TT-zoom3940.jpg\",\"datePublished\":\"2019-10-24T08:06:23+00:00\",\"dateModified\":\"2020-04-29T09:55:40+00:00\",\"description\":\"Proteger los bienes de consumo e industriales contra la suciedad, el polvo, la corrosi\u00f3n o para reducir los vol\u00famenes de productos en industria no alimentaria\",\"breadcrumb\":{\"@id\":\"https:\/\/henkovac.com\/es\/markets\/industria-no-alimentaria\/#breadcrumb\"},\"inLanguage\":\"es\",\"potentialAction\":[{\"@type\":\"ReadAction\",\"target\":[\"https:\/\/henkovac.com\/es\/markets\/industria-no-alimentaria\/\"]}]},{\"@type\":\"ImageObject\",\"inLanguage\":\"es\",\"@id\":\"https:\/\/henkovac.com\/es\/markets\/industria-no-alimentaria\/#primaryimage\",\"url\":\"https:\/\/henkovac.com\/wp-content\/uploads\/2019\/10\/TT-zoom3940.jpg\",\"contentUrl\":\"https:\/\/henkovac.com\/wp-content\/uploads\/2019\/10\/TT-zoom3940.jpg\",\"width\":1000,\"height\":1064,\"caption\":\"Tabletop detail Food processing industry\"},{\"@type\":\"BreadcrumbList\",\"@id\":\"https:\/\/henkovac.com\/es\/markets\/industria-no-alimentaria\/#breadcrumb\",\"itemListElement\":[{\"@type\":\"ListItem\",\"position\":1,\"name\":\"Home\",\"item\":\"https:\/\/henkovac.com\/es\/\"},{\"@type\":\"ListItem\",\"position\":2,\"name\":\"Markets\",\"item\":\"https:\/\/henkovac.com\/es\/markets\/\"},{\"@type\":\"ListItem\",\"position\":3,\"name\":\"Industria no alimentaria\"}]},{\"@type\":\"WebSite\",\"@id\":\"https:\/\/henkovac.com\/es\/#website\",\"url\":\"https:\/\/henkovac.com\/es\/\",\"name\":\"HENKOVAC\",\"description\":\"Vacuum Packaging Machines\",\"potentialAction\":[{\"@type\":\"SearchAction\",\"target\":{\"@type\":\"EntryPoint\",\"urlTemplate\":\"https:\/\/henkovac.com\/es\/?s={search_term_string}\"},\"query-input\":{\"@type\":\"PropertyValueSpecification\",\"valueRequired\":true,\"valueName\":\"search_term_string\"}}],\"inLanguage\":\"es\"}]}<\/script>\n<!-- \/ Yoast SEO plugin. -->","yoast_head_json":{"title":"industria no alimentaria m\u00e1quinas | Henkovac - 1st choice for professionals","description":"Proteger los bienes de consumo e industriales contra la suciedad, el polvo, la corrosi\u00f3n o para reducir los vol\u00famenes de productos en industria no alimentaria","robots":{"index":"index","follow":"follow","max-snippet":"max-snippet:-1","max-image-preview":"max-image-preview:large","max-video-preview":"max-video-preview:-1"},"canonical":"https:\/\/henkovac.com\/es\/markets\/industria-no-alimentaria\/","og_locale":"es_ES","og_type":"article","og_title":"industria no alimentaria m\u00e1quinas | Henkovac - 1st choice for professionals","og_description":"Proteger los bienes de consumo e industriales contra la suciedad, el polvo, la corrosi\u00f3n o para reducir los vol\u00famenes de productos en industria no alimentaria","og_url":"https:\/\/henkovac.com\/es\/markets\/industria-no-alimentaria\/","og_site_name":"HENKOVAC","article_modified_time":"2020-04-29T09:55:40+00:00","og_image":[{"width":1000,"height":1064,"url":"https:\/\/henkovac.com\/wp-content\/uploads\/2019\/10\/TT-zoom3940.jpg","type":"image\/jpeg"}],"twitter_card":"summary_large_image","twitter_misc":{"Tiempo de lectura":"6 minutos"},"schema":{"@context":"https:\/\/schema.org","@graph":[{"@type":"WebPage","@id":"https:\/\/henkovac.com\/es\/markets\/industria-no-alimentaria\/","url":"https:\/\/henkovac.com\/es\/markets\/industria-no-alimentaria\/","name":"industria no alimentaria m\u00e1quinas | Henkovac - 1st choice for professionals","isPartOf":{"@id":"https:\/\/henkovac.com\/es\/#website"},"primaryImageOfPage":{"@id":"https:\/\/henkovac.com\/es\/markets\/industria-no-alimentaria\/#primaryimage"},"image":{"@id":"https:\/\/henkovac.com\/es\/markets\/industria-no-alimentaria\/#primaryimage"},"thumbnailUrl":"https:\/\/henkovac.com\/wp-content\/uploads\/2019\/10\/TT-zoom3940.jpg","datePublished":"2019-10-24T08:06:23+00:00","dateModified":"2020-04-29T09:55:40+00:00","description":"Proteger los bienes de consumo e industriales contra la suciedad, el polvo, la corrosi\u00f3n o para reducir los vol\u00famenes de productos en industria no alimentaria","breadcrumb":{"@id":"https:\/\/henkovac.com\/es\/markets\/industria-no-alimentaria\/#breadcrumb"},"inLanguage":"es","potentialAction":[{"@type":"ReadAction","target":["https:\/\/henkovac.com\/es\/markets\/industria-no-alimentaria\/"]}]},{"@type":"ImageObject","inLanguage":"es","@id":"https:\/\/henkovac.com\/es\/markets\/industria-no-alimentaria\/#primaryimage","url":"https:\/\/henkovac.com\/wp-content\/uploads\/2019\/10\/TT-zoom3940.jpg","contentUrl":"https:\/\/henkovac.com\/wp-content\/uploads\/2019\/10\/TT-zoom3940.jpg","width":1000,"height":1064,"caption":"Tabletop detail Food processing industry"},{"@type":"BreadcrumbList","@id":"https:\/\/henkovac.com\/es\/markets\/industria-no-alimentaria\/#breadcrumb","itemListElement":[{"@type":"ListItem","position":1,"name":"Home","item":"https:\/\/henkovac.com\/es\/"},{"@type":"ListItem","position":2,"name":"Markets","item":"https:\/\/henkovac.com\/es\/markets\/"},{"@type":"ListItem","position":3,"name":"Industria no alimentaria"}]},{"@type":"WebSite","@id":"https:\/\/henkovac.com\/es\/#website","url":"https:\/\/henkovac.com\/es\/","name":"HENKOVAC","description":"Vacuum Packaging Machines","potentialAction":[{"@type":"SearchAction","target":{"@type":"EntryPoint","urlTemplate":"https:\/\/henkovac.com\/es\/?s={search_term_string}"},"query-input":{"@type":"PropertyValueSpecification","valueRequired":true,"valueName":"search_term_string"}}],"inLanguage":"es"}]}},"_links":{"self":[{"href":"https:\/\/henkovac.com\/es\/wp-json\/wp\/v2\/pages\/10065","targetHints":{"allow":["GET"]}}],"collection":[{"href":"https:\/\/henkovac.com\/es\/wp-json\/wp\/v2\/pages"}],"about":[{"href":"https:\/\/henkovac.com\/es\/wp-json\/wp\/v2\/types\/page"}],"author":[{"embeddable":true,"href":"https:\/\/henkovac.com\/es\/wp-json\/wp\/v2\/users\/7"}],"replies":[{"embeddable":true,"href":"https:\/\/henkovac.com\/es\/wp-json\/wp\/v2\/comments?post=10065"}],"version-history":[{"count":3,"href":"https:\/\/henkovac.com\/es\/wp-json\/wp\/v2\/pages\/10065\/revisions"}],"predecessor-version":[{"id":10067,"href":"https:\/\/henkovac.com\/es\/wp-json\/wp\/v2\/pages\/10065\/revisions\/10067"}],"up":[{"embeddable":true,"href":"https:\/\/henkovac.com\/es\/wp-json\/wp\/v2\/pages\/10038"}],"wp:featuredmedia":[{"embeddable":true,"href":"https:\/\/henkovac.com\/es\/wp-json\/wp\/v2\/media\/3902"}],"wp:attachment":[{"href":"https:\/\/henkovac.com\/es\/wp-json\/wp\/v2\/media?parent=10065"}],"curies":[{"name":"wp","href":"https:\/\/api.w.org\/{rel}","templated":true}]}}