{"id":10045,"date":"2019-10-07T14:08:20","date_gmt":"2019-10-07T13:08:20","guid":{"rendered":"https:\/\/henkovac.com\/markets\/gastronomy\/"},"modified":"2020-04-14T08:13:18","modified_gmt":"2020-04-14T07:13:18","slug":"gastronomia","status":"publish","type":"page","link":"https:\/\/henkovac.com\/es\/markets\/gastronomia\/","title":{"rendered":"Gastronom\u00eda"},"content":{"rendered":"<p>[vc_row type=\u00bbfull_width_content\u00bb bg_image=\u00bb2610&#8243; top_padding=\u00bb0&#8243;][vc_column width=\u00bb1\/2&#8243; background_image=\u00bb3459&#8243;][vc_column_text]<br \/>\n[\/vc_column_text][\/vc_column][vc_column width=\u00bb1\/2&#8243; column_padding=\u00bb4%\u00bb background_color=\u00bb#f2f2f2&#8243; css=\u00bb.vc_custom_1570452007389{background-color: #f8f8f8 !important;}\u00bb][vc_empty_space height=\u00bb75&#8243;][vc_custom_heading text=\u00bbEl envasado al vac\u00edo en la gastronom\u00eda\u00bb font_container=\u00bbtag:h1|font_size:48px|text_align:left|color:%23444444|line_height:56px\u00bb google_fonts=\u00bbfont_family:Open%20Sans%3A300%2C300italic%2Cregular%2Citalic%2C600%2C600italic%2C700%2C700italic%2C800%2C800italic|font_style:700%20bold%20regular%3A700%3Anormal\u00bb][vc_custom_heading text=\u00bbReducir los costos de los alimentos envasando al vac\u00edo las porciones dr\u00e1sticamente.\u00bb font_container=\u00bbtag:h2|font_size:34px|text_align:left|color:%23444444|line_height:44px\u00bb google_fonts=\u00bbfont_family:Raleway%3A100%2C200%2C300%2Cregular%2C500%2C600%2C700%2C800%2C900|font_style:300%20light%20regular%3A300%3Anormal\u00bb][vc_empty_space][vc_column_text]Preg\u00fantele a cualquier chef, y le dir\u00e1n que la clave de la gran gastronom\u00eda son los ingredientes frescos. Pero esto puede ser caro, y los chefs siempre buscan formas de economizar. Muchos han descubierto el envasado al vac\u00edo para dividir y almacenar los cortes de comida para preservar la frescura y reducir el desperdicio en todo tipo de cocinas comerciales. Con una m\u00e1quina profesional de envasado al vac\u00edo de Henkovac, es posible extraer hasta el 99,8% del aire para que las bacterias aer\u00f3bicas no puedan crecer. Tanto si es un restaurante, un hotel, un catering o un peque\u00f1o minorista, una m\u00e1quina de envasado al vac\u00edo debe estar en el centro de su cocina.[\/vc_column_text][vc_empty_space height=\u00bb75&#8243;][\/vc_column][\/vc_row][vc_row type=\u00bbfull_width_content\u00bb bg_image=\u00bb2610&#8243;][vc_column width=\u00bb1\/2&#8243; background_color=\u00bb#f8f8f8&#8243; css=\u00bb.vc_custom_1570451273977{background-color: #f8f8f8 !important;}\u00bb][vc_row_inner][vc_column_inner width=\u00bb1\/3&#8243;][\/vc_column_inner][vc_column_inner width=\u00bb2\/3&#8243;][vc_empty_space height=\u00bb250&#8243;][list icon=\u00bbsteadysets-icon-checkmark\u00bb][list_item title=\u00bbC\u00e1maras de vac\u00edo f\u00e1ciles de limpiar, esquinas redondeadas\u00bb][list_item title=\u00bbUnidad de control digital intuitiva\u00bb][list_item title=\u00bbVigas de sellado f\u00e1cilmente desmontables y barras de silicio\u00bb][list_item title=\u00bbGama de productos transparente para la elecci\u00f3n correcta\u00bb][\/list][vc_empty_space height=\u00bb400&#8243;][\/vc_column_inner][\/vc_row_inner][\/vc_column][vc_column width=\u00bb1\/2&#8243; background_image=\u00bb3902&#8243; offset=\u00bbvc_hidden-sm vc_hidden-xs\u00bb][vc_column_text]<br \/>\n[\/vc_column_text][\/vc_column][\/vc_row][vc_row type=\u00bbfull_width_content\u00bb bg_image=\u00bb2610&#8243; top_padding=\u00bb0&#8243;][vc_column width=\u00bb1\/2&#8243; centered_cont=\u00bbtrue\u00bb background_image=\u00bb3900&#8243;][vc_column_text]<br \/>\n[\/vc_column_text][\/vc_column][vc_column width=\u00bb1\/2&#8243; column_padding=\u00bb4%\u00bb background_color=\u00bb#f8f8f8&#8243; css=\u00bb.vc_custom_1429527138109{background-color: #f8f8f8 !important;}\u00bb][vc_empty_space height=\u00bb100&#8243;][vc_custom_heading text=\u00bbProlongar la vida \u00fatil&#8230;\u00bb][vc_empty_space][vc_column_text]El envasado al vac\u00edo en la gastronom\u00eda prolonga la vida \u00fatil de sus productos alimenticios. Entonces usted tiene la ventaja de usar, vender y servir sus productos por un largo per\u00edodo de tiempo.[\/vc_column_text][vc_empty_space height=\u00bb100&#8243;][\/vc_column][\/vc_row][vc_row type=\u00bbfull_width_background\u00bb bg_color=\u00bb#f9f9f9&#8243;][vc_column][vc_column_text]<\/p>\n<h2 style=\"text-align: center;\">Productos relacionados<\/h2>\n<p>[\/vc_column_text][vc_empty_space][vc_empty_space][vc_row_inner][vc_column_inner width=\u00bb1\/3&#8243; background_color=\u00bb#ffffff\u00bb el_class=\u00bbkolomOver\u00bb][vc_single_image image=\u00bb5710&#8243; img_size=\u00bbfull\u00bb alignment=\u00bbcenter\u00bb onclick=\u00bbcustom_link\u00bb link=\u00bbhttps:\/\/henkovac.com\/es\/modelos-de-mesa\/\u00bb][vc_custom_heading text=\u00bbMODELOS DE MESA\u00bb font_container=\u00bbtag:h2|font_size:24|text_align:center|line_height:1&#8243; use_theme_fonts=\u00bbyes\u00bb link=\u00bb|||\u00bb][vc_column_text]<\/p>\n<p style=\"text-align: center;\"><span style=\"color: #00b4d8;\"><a style=\"color: #00b4d8;\" href=\"https:\/\/henkovac.com\/es\/modelos-de-mesa\/modelos-de-mesa-t2\/\">T2<\/a> &#8211; <a style=\"color: #00b4d8;\" href=\"https:\/\/henkovac.com\/es\/modelos-de-mesa\/modelos-de-mesa-t3\/\">T3<\/a> &#8211;<a style=\"color: #00b4d8;\" href=\"https:\/\/henkovac.com\/es\/modelos-de-mesa\/modelos-de-mesa-t4\/\">T4<\/a> &#8211; <a style=\"color: #00b4d8;\" href=\"https:\/\/henkovac.com\/es\/modelos-de-mesa\/modelos-de-mesa-t5\/\">T5<\/a> &#8211; <a style=\"color: #00b4d8;\" href=\"https:\/\/henkovac.com\/es\/modelos-de-mesa\/modelos-de-mesa-t6\/\">T6<\/a><\/span><\/p>\n<p>[\/vc_column_text][\/vc_column_inner][vc_column_inner width=\u00bb1\/3&#8243; el_class=\u00bbkolomOver\u00bb][vc_single_image image=\u00bb4161&#8243; img_size=\u00bbfull\u00bb alignment=\u00bbcenter\u00bb onclick=\u00bbcustom_link\u00bb link=\u00bbhttps:\/\/henkovac.com\/es\/rango-movil\/\u00bb][vc_custom_heading text=\u00bbM\u00d3VIL\u00bb font_container=\u00bbtag:h2|font_size:24|text_align:center|line_height:1&#8243; use_theme_fonts=\u00bbyes\u00bb][vc_column_text]<\/p>\n<p style=\"text-align: center;\"><span style=\"color: #00b4d8;\"><a style=\"color: #00b4d8;\" href=\"https:\/\/henkovac.com\/es\/rango-movil\/movil-m1\/\">M1<\/a>\u00a0 &#8211; <a style=\"color: #00b4d8;\" href=\"https:\/\/henkovac.com\/es\/rango-movil\/movil-m2\/\">M2<\/a> &#8211; <a style=\"color: #00b4d8;\" href=\"https:\/\/henkovac.com\/es\/rango-movil\/movil-m3\/\">M3<\/a><\/span><\/p>\n<p>[\/vc_column_text][\/vc_column_inner][vc_column_inner width=\u00bb1\/3&#8243; el_class=\u00bbkolomOver\u00bb][vc_single_image image=\u00bb4728&#8243; img_size=\u00bbfull\u00bb alignment=\u00bbcenter\u00bb onclick=\u00bbcustom_link\u00bb link=\u00bbhttps:\/\/henkovac.com\/es\/encharoladoras\/\u00bb][vc_custom_heading text=\u00bbENCHAROLADORAS\u00bb font_container=\u00bbtag:h2|font_size:24|text_align:center|line_height:1&#8243; use_theme_fonts=\u00bbyes\u00bb][vc_column_text]<\/p>\n<p style=\"text-align: center;\"><span style=\"color: #00b4d8;\"><a style=\"color: #00b4d8;\" href=\"https:\/\/henkovac.com\/es\/encharoladoras\/encharoladoras-tps-mini\/\">TPS MINI<\/a> &#8211; <a style=\"color: #00b4d8;\" href=\"https:\/\/henkovac.com\/es\/encharoladoras\/encharoladoras-tps-xl\/\">TPS XL<\/a><\/span><\/p>\n<p>[\/vc_column_text][\/vc_column_inner][\/vc_row_inner][\/vc_column][\/vc_row][vc_row type=\u00bbfull_width_background\u00bb class=\u00bbkolomOver\u00bb][vc_column width=\u00bb1\/3&#8243; el_class=\u00bbkolomOver\u00bb][services_medium title=\u00bbINDUSTRIA C\u00c1RNICA\u00bb style=\u00bbstyle_3&#8243; icon=\u00bbsteadysets-icon-bones\u00bb icon_color=\u00bb#00b4d8&#8243; border_color=\u00bb#00b4d8&#8243; dynamic_content_link=\u00bbhttps:\/\/henkovac.com\/es\/markets\/industria-de-procesamiento-de-carne\/\u00bb]Envases de alta calidad para mejorar sus clientes.[\/services_medium][\/vc_column][vc_column width=\u00bb1\/3&#8243; el_class=\u00bbkolomOver\u00bb][services_medium title=\u00bbPROCESAMIENTO DE ALIMENTOS\u00bb style=\u00bbstyle_3&#8243; icon=\u00bblinecon-icon-food\u00bb icon_color=\u00bb#00b4d8&#8243; border_color=\u00bb#00b4d8&#8243; dynamic_content_link=\u00bbhttps:\/\/henkovac.com\/es\/markets\/industria-de-procesamiento-de-alimentos\/\u00bb]Optimizaci\u00f3n y flexibilidad en todo tipo de procesamiento de alimentos.[\/services_medium][\/vc_column][vc_column width=\u00bb1\/3&#8243; el_class=\u00bbkolomOver\u00bb][services_medium title=\u00bbINDUSTRIA NO ALIMENTARIA\u00bb style=\u00bbstyle_3&#8243; icon=\u00bbsteadysets-icon-lab\u00bb icon_color=\u00bb#00b4d8&#8243; border_color=\u00bb#00b4d8&#8243; dynamic_content_link=\u00bbhttps:\/\/henkovac.com\/es\/markets\/industria-no-alimentaria\/\u00bb]Protecci\u00f3n \u00f3ptima contra la suciedad, el polvo y la humedad.[\/services_medium][\/vc_column][\/vc_row][vc_row type=\u00bbfull_width_content\u00bb class=\u00bbnoPaddingMobile\u00bb][vc_column background_color=\u00bb#007cc2&#8243; background_color_opacity=\u00bb0.75&#8243;][vc_empty_space][vc_custom_heading text=\u00bbLA PRIMERA OPCI\u00d3N PARA PROFESIONALES DE TODO EL MUNDO\u00bb font_container=\u00bbtag:h2|font_size:35|text_align:center|color:%23ffffff|line_height:1.25&#8243; use_theme_fonts=\u00bbyes\u00bb][vc_empty_space][\/vc_column][\/vc_row]<\/p>\n","protected":false},"excerpt":{"rendered":"<p>[vc_row type=\u00bbfull_width_content\u00bb bg_image=\u00bb2610&#8243; top_padding=\u00bb0&#8243;][vc_column width=\u00bb1\/2&#8243; background_image=\u00bb3459&#8243;][vc_column_text] [\/vc_column_text][\/vc_column][vc_column width=\u00bb1\/2&#8243; column_padding=\u00bb4%\u00bb background_color=\u00bb#f2f2f2&#8243; css=\u00bb.vc_custom_1570452007389{background-color: #f8f8f8 !important;}\u00bb][vc_empty_space height=\u00bb75&#8243;][vc_custom_heading text=\u00bbEl envasado al vac\u00edo en la gastronom\u00eda\u00bb font_container=\u00bbtag:h1|font_size:48px|text_align:left|color:%23444444|line_height:56px\u00bb google_fonts=\u00bbfont_family:Open%20Sans%3A300%2C300italic%2Cregular%2Citalic%2C600%2C600italic%2C700%2C700italic%2C800%2C800italic|font_style:700%20bold%20regular%3A700%3Anormal\u00bb][vc_custom_heading text=\u00bbReducir los costos de los alimentos envasando al vac\u00edo las porciones dr\u00e1sticamente.\u00bb font_container=\u00bbtag:h2|font_size:34px|text_align:left|color:%23444444|line_height:44px\u00bb google_fonts=\u00bbfont_family:Raleway%3A100%2C200%2C300%2Cregular%2C500%2C600%2C700%2C800%2C900|font_style:300%20light%20regular%3A300%3Anormal\u00bb][vc_empty_space][vc_column_text]Preg\u00fantele a cualquier chef, y le dir\u00e1n que la clave de la gran gastronom\u00eda son los ingredientes frescos. Pero [&hellip;]<\/p>\n","protected":false},"author":7,"featured_media":3902,"parent":10038,"menu_order":0,"comment_status":"closed","ping_status":"closed","template":"","meta":{"_monsterinsights_skip_tracking":false,"_monsterinsights_sitenote_active":false,"_monsterinsights_sitenote_note":"","_monsterinsights_sitenote_category":0,"footnotes":""},"class_list":["post-10045","page","type-page","status-publish","has-post-thumbnail","hentry"],"yoast_head":"<!-- This site is optimized with the Yoast SEO plugin v25.7 - https:\/\/yoast.com\/wordpress\/plugins\/seo\/ -->\n<title>Gastronom\u00eda Envasado al Vac\u00edo | Henkovac - first choice for professionals<\/title>\n<meta name=\"description\" content=\"Empieza a optimizar tu cocina comercial en Gastronom\u00eda. Gama de envases al vac\u00edo para restaurantes, hoteles, catering y peque\u00f1os comercios.\" \/>\n<meta name=\"robots\" content=\"index, follow, max-snippet:-1, max-image-preview:large, max-video-preview:-1\" \/>\n<link rel=\"canonical\" href=\"https:\/\/henkovac.com\/es\/markets\/gastronomia\/\" \/>\n<meta property=\"og:locale\" content=\"es_ES\" \/>\n<meta property=\"og:type\" content=\"article\" \/>\n<meta property=\"og:title\" content=\"Gastronom\u00eda Envasado al Vac\u00edo | Henkovac - first choice for professionals\" \/>\n<meta property=\"og:description\" content=\"Empieza a optimizar tu cocina comercial en Gastronom\u00eda. Gama de envases al vac\u00edo para restaurantes, hoteles, catering y peque\u00f1os comercios.\" \/>\n<meta property=\"og:url\" content=\"https:\/\/henkovac.com\/es\/markets\/gastronomia\/\" \/>\n<meta property=\"og:site_name\" content=\"HENKOVAC\" \/>\n<meta property=\"article:modified_time\" content=\"2020-04-14T07:13:18+00:00\" \/>\n<meta property=\"og:image\" content=\"https:\/\/henkovac.com\/wp-content\/uploads\/2019\/10\/TT-zoom3940.jpg\" \/>\n\t<meta property=\"og:image:width\" content=\"1000\" \/>\n\t<meta property=\"og:image:height\" content=\"1064\" \/>\n\t<meta property=\"og:image:type\" content=\"image\/jpeg\" \/>\n<meta name=\"twitter:card\" content=\"summary_large_image\" \/>\n<meta name=\"twitter:label1\" content=\"Tiempo de lectura\" \/>\n\t<meta name=\"twitter:data1\" content=\"5 minutos\" \/>\n<script type=\"application\/ld+json\" class=\"yoast-schema-graph\">{\"@context\":\"https:\/\/schema.org\",\"@graph\":[{\"@type\":\"WebPage\",\"@id\":\"https:\/\/henkovac.com\/es\/markets\/gastronomia\/\",\"url\":\"https:\/\/henkovac.com\/es\/markets\/gastronomia\/\",\"name\":\"Gastronom\u00eda Envasado al Vac\u00edo | Henkovac - first choice for professionals\",\"isPartOf\":{\"@id\":\"https:\/\/henkovac.com\/es\/#website\"},\"primaryImageOfPage\":{\"@id\":\"https:\/\/henkovac.com\/es\/markets\/gastronomia\/#primaryimage\"},\"image\":{\"@id\":\"https:\/\/henkovac.com\/es\/markets\/gastronomia\/#primaryimage\"},\"thumbnailUrl\":\"https:\/\/henkovac.com\/wp-content\/uploads\/2019\/10\/TT-zoom3940.jpg\",\"datePublished\":\"2019-10-07T13:08:20+00:00\",\"dateModified\":\"2020-04-14T07:13:18+00:00\",\"description\":\"Empieza a optimizar tu cocina comercial en Gastronom\u00eda. Gama de envases al vac\u00edo para restaurantes, hoteles, catering y peque\u00f1os comercios.\",\"breadcrumb\":{\"@id\":\"https:\/\/henkovac.com\/es\/markets\/gastronomia\/#breadcrumb\"},\"inLanguage\":\"es\",\"potentialAction\":[{\"@type\":\"ReadAction\",\"target\":[\"https:\/\/henkovac.com\/es\/markets\/gastronomia\/\"]}]},{\"@type\":\"ImageObject\",\"inLanguage\":\"es\",\"@id\":\"https:\/\/henkovac.com\/es\/markets\/gastronomia\/#primaryimage\",\"url\":\"https:\/\/henkovac.com\/wp-content\/uploads\/2019\/10\/TT-zoom3940.jpg\",\"contentUrl\":\"https:\/\/henkovac.com\/wp-content\/uploads\/2019\/10\/TT-zoom3940.jpg\",\"width\":1000,\"height\":1064,\"caption\":\"Tabletop detail Food processing industry\"},{\"@type\":\"BreadcrumbList\",\"@id\":\"https:\/\/henkovac.com\/es\/markets\/gastronomia\/#breadcrumb\",\"itemListElement\":[{\"@type\":\"ListItem\",\"position\":1,\"name\":\"Home\",\"item\":\"https:\/\/henkovac.com\/es\/\"},{\"@type\":\"ListItem\",\"position\":2,\"name\":\"Markets\",\"item\":\"https:\/\/henkovac.com\/es\/markets\/\"},{\"@type\":\"ListItem\",\"position\":3,\"name\":\"Gastronom\u00eda\"}]},{\"@type\":\"WebSite\",\"@id\":\"https:\/\/henkovac.com\/es\/#website\",\"url\":\"https:\/\/henkovac.com\/es\/\",\"name\":\"HENKOVAC\",\"description\":\"Vacuum Packaging Machines\",\"potentialAction\":[{\"@type\":\"SearchAction\",\"target\":{\"@type\":\"EntryPoint\",\"urlTemplate\":\"https:\/\/henkovac.com\/es\/?s={search_term_string}\"},\"query-input\":{\"@type\":\"PropertyValueSpecification\",\"valueRequired\":true,\"valueName\":\"search_term_string\"}}],\"inLanguage\":\"es\"}]}<\/script>\n<!-- \/ Yoast SEO plugin. -->","yoast_head_json":{"title":"Gastronom\u00eda Envasado al Vac\u00edo | Henkovac - first choice for professionals","description":"Empieza a optimizar tu cocina comercial en Gastronom\u00eda. Gama de envases al vac\u00edo para restaurantes, hoteles, catering y peque\u00f1os comercios.","robots":{"index":"index","follow":"follow","max-snippet":"max-snippet:-1","max-image-preview":"max-image-preview:large","max-video-preview":"max-video-preview:-1"},"canonical":"https:\/\/henkovac.com\/es\/markets\/gastronomia\/","og_locale":"es_ES","og_type":"article","og_title":"Gastronom\u00eda Envasado al Vac\u00edo | Henkovac - first choice for professionals","og_description":"Empieza a optimizar tu cocina comercial en Gastronom\u00eda. Gama de envases al vac\u00edo para restaurantes, hoteles, catering y peque\u00f1os comercios.","og_url":"https:\/\/henkovac.com\/es\/markets\/gastronomia\/","og_site_name":"HENKOVAC","article_modified_time":"2020-04-14T07:13:18+00:00","og_image":[{"width":1000,"height":1064,"url":"https:\/\/henkovac.com\/wp-content\/uploads\/2019\/10\/TT-zoom3940.jpg","type":"image\/jpeg"}],"twitter_card":"summary_large_image","twitter_misc":{"Tiempo de lectura":"5 minutos"},"schema":{"@context":"https:\/\/schema.org","@graph":[{"@type":"WebPage","@id":"https:\/\/henkovac.com\/es\/markets\/gastronomia\/","url":"https:\/\/henkovac.com\/es\/markets\/gastronomia\/","name":"Gastronom\u00eda Envasado al Vac\u00edo | Henkovac - first choice for professionals","isPartOf":{"@id":"https:\/\/henkovac.com\/es\/#website"},"primaryImageOfPage":{"@id":"https:\/\/henkovac.com\/es\/markets\/gastronomia\/#primaryimage"},"image":{"@id":"https:\/\/henkovac.com\/es\/markets\/gastronomia\/#primaryimage"},"thumbnailUrl":"https:\/\/henkovac.com\/wp-content\/uploads\/2019\/10\/TT-zoom3940.jpg","datePublished":"2019-10-07T13:08:20+00:00","dateModified":"2020-04-14T07:13:18+00:00","description":"Empieza a optimizar tu cocina comercial en Gastronom\u00eda. Gama de envases al vac\u00edo para restaurantes, hoteles, catering y peque\u00f1os comercios.","breadcrumb":{"@id":"https:\/\/henkovac.com\/es\/markets\/gastronomia\/#breadcrumb"},"inLanguage":"es","potentialAction":[{"@type":"ReadAction","target":["https:\/\/henkovac.com\/es\/markets\/gastronomia\/"]}]},{"@type":"ImageObject","inLanguage":"es","@id":"https:\/\/henkovac.com\/es\/markets\/gastronomia\/#primaryimage","url":"https:\/\/henkovac.com\/wp-content\/uploads\/2019\/10\/TT-zoom3940.jpg","contentUrl":"https:\/\/henkovac.com\/wp-content\/uploads\/2019\/10\/TT-zoom3940.jpg","width":1000,"height":1064,"caption":"Tabletop detail Food processing industry"},{"@type":"BreadcrumbList","@id":"https:\/\/henkovac.com\/es\/markets\/gastronomia\/#breadcrumb","itemListElement":[{"@type":"ListItem","position":1,"name":"Home","item":"https:\/\/henkovac.com\/es\/"},{"@type":"ListItem","position":2,"name":"Markets","item":"https:\/\/henkovac.com\/es\/markets\/"},{"@type":"ListItem","position":3,"name":"Gastronom\u00eda"}]},{"@type":"WebSite","@id":"https:\/\/henkovac.com\/es\/#website","url":"https:\/\/henkovac.com\/es\/","name":"HENKOVAC","description":"Vacuum Packaging Machines","potentialAction":[{"@type":"SearchAction","target":{"@type":"EntryPoint","urlTemplate":"https:\/\/henkovac.com\/es\/?s={search_term_string}"},"query-input":{"@type":"PropertyValueSpecification","valueRequired":true,"valueName":"search_term_string"}}],"inLanguage":"es"}]}},"_links":{"self":[{"href":"https:\/\/henkovac.com\/es\/wp-json\/wp\/v2\/pages\/10045","targetHints":{"allow":["GET"]}}],"collection":[{"href":"https:\/\/henkovac.com\/es\/wp-json\/wp\/v2\/pages"}],"about":[{"href":"https:\/\/henkovac.com\/es\/wp-json\/wp\/v2\/types\/page"}],"author":[{"embeddable":true,"href":"https:\/\/henkovac.com\/es\/wp-json\/wp\/v2\/users\/7"}],"replies":[{"embeddable":true,"href":"https:\/\/henkovac.com\/es\/wp-json\/wp\/v2\/comments?post=10045"}],"version-history":[{"count":4,"href":"https:\/\/henkovac.com\/es\/wp-json\/wp\/v2\/pages\/10045\/revisions"}],"predecessor-version":[{"id":10070,"href":"https:\/\/henkovac.com\/es\/wp-json\/wp\/v2\/pages\/10045\/revisions\/10070"}],"up":[{"embeddable":true,"href":"https:\/\/henkovac.com\/es\/wp-json\/wp\/v2\/pages\/10038"}],"wp:featuredmedia":[{"embeddable":true,"href":"https:\/\/henkovac.com\/es\/wp-json\/wp\/v2\/media\/3902"}],"wp:attachment":[{"href":"https:\/\/henkovac.com\/es\/wp-json\/wp\/v2\/media?parent=10045"}],"curies":[{"name":"wp","href":"https:\/\/api.w.org\/{rel}","templated":true}]}}