{"id":10004,"date":"2019-11-09T19:21:56","date_gmt":"2019-11-09T18:21:56","guid":{"rendered":"https:\/\/henkovac.com\/adt-60-80-automatic-control\/"},"modified":"2020-04-27T11:26:43","modified_gmt":"2020-04-27T10:26:43","slug":"adt-60-80-control-automatico","status":"publish","type":"page","link":"https:\/\/henkovac.com\/es\/soluciones-de-empaque\/tanque-de-inmersion\/adt-60-80-control-automatico\/","title":{"rendered":"ADT-60-80 control autom\u00e1tico"},"content":{"rendered":"<p>[vc_row type=\u00bbfull_width_background\u00bb bg_color=\u00bb#f9f9f9&#8243;][vc_column][vc_row_inner][vc_column_inner][vc_custom_heading text=\u00bbPara empaques de encogimiento\u00bb font_container=\u00bbtag:h2|font_size:16|text_align:center|color:%235e5e5e|line_height:1.2&#8243; use_theme_fonts=\u00bbyes\u00bb css=\u00bb.vc_custom_1586770231278{margin-top: -35px !important;}\u00bb][vc_empty_space height=\u00bb20&#8243;][vc_custom_heading text=\u00bbTANQUES DE INMERSI\u00d3N<br \/>\nADT 60-80 HENKOVAC\u00bb font_container=\u00bbtag:h1|font_size:40|text_align:center|color:%23494949|line_height:1.1&#8243; use_theme_fonts=\u00bbyes\u00bb][vc_empty_space height=\u00bb20&#8243;][vc_text_separator title=\u00bbTANQUE INMERSI\u00d3N AUTOM.CONTROL POR SENSOR DE LUZ\u00bb css=\u00bb.vc_custom_1586770346554{margin-bottom: -35px !important;}\u00bb][\/vc_column_inner][\/vc_row_inner][\/vc_column][\/vc_row][vc_row type=\u00bbfull_width_background\u00bb bg_color=\u00bb#f3f5f4&#8243; full_width=\u00bb\u00bb parallax=\u00bb\u00bb parallax_image=\u00bb\u00bb][vc_column width=\u00bb1\/4&#8243;][vc_column_text]<\/p>\n<p class=\"p1\"><strong>Dimensiones de la m\u00e1quina:<br \/>\n<\/strong>1050 x 700 x 1550 mm<\/p>\n<p class=\"p1\"><strong>Plataforma de inmersi\u00f3n:<\/strong><br \/>\n570 x 400 mm<\/p>\n<p class=\"p1\"><strong>Carrera de mesa de inmersi\u00f3n:<\/strong><br \/>\n300 mm<\/p>\n<p class=\"p1\"><strong>Altura m\u00e1xima del producto:<br \/>\n<\/strong>250 mm<\/p>\n<p class=\"p1\"><strong>Capacidad de agua:<\/strong><br \/>\n70 ltr<\/p>\n<p class=\"p1\"><strong>Peso m\u00e1ximo del producto:<br \/>\n<\/strong>20 kg<\/p>\n<p>[\/vc_column_text][vc_empty_space height=\u00bb5&#8243;][\/vc_column][vc_column width=\u00bb1\/2&#8243; css=\u00bb.vc_custom_1568117544972{margin-top: -30px !important;}\u00bb][vc_single_image image=\u00bb4890&#8243; img_size=\u00bblarge\u00bb alignment=\u00bbcenter\u00bb][vc_btn title=\u00bbESPECIFICACIONES T\u00c9CNICAS\u00bb style=\u00bbflat\u00bb shape=\u00bbsquare\u00bb color=\u00bbinfo\u00bb align=\u00bbcenter\u00bb i_align=\u00bbright\u00bb i_type=\u00bbopeniconic\u00bb i_icon_openiconic=\u00bbvc-oi vc-oi-down-circle\u00bb button_block=\u00bbtrue\u00bb add_icon=\u00bbtrue\u00bb link=\u00bburl:https%3A%2F%2Fhenkovac.com%2Fwp-content%2Fuploads%2F2019%2F11%2FHV-IMMERSION-TANKS-UK-LR.pdf||target:%20_blank|\u00bb][vc_btn title=\u00bbDESCARGAR FOLLETO\u00bb style=\u00bbflat\u00bb shape=\u00bbsquare\u00bb align=\u00bbcenter\u00bb i_align=\u00bbright\u00bb i_type=\u00bbopeniconic\u00bb i_icon_openiconic=\u00bbvc-oi vc-oi-down-circle\u00bb button_block=\u00bbtrue\u00bb add_icon=\u00bbtrue\u00bb link=\u00bburl:https%3A%2F%2Fhenkovac.com%2Fwp-content%2Fuploads%2F2019%2F10%2FHV-Corporate-Brochure-UK.pdf||target:%20_blank|\u00bb][\/vc_column][vc_column width=\u00bb1\/4&#8243; css=\u00bb.vc_custom_1568200366461{border-left-width: 1px !important;border-left-color: #d6d8d7 !important;border-left-style: solid !important;}\u00bb][vc_column_text]<strong>Opciones completas<\/strong>[\/vc_column_text][list icon=\u00bbsteadysets-icon-star\u00bb][list_item title=\u00bbPlataforma de inmersi\u00f3n con rodillos\u00bb][list_item title=\u00bbTapa\u00bb][list_item title=\u00bbCampana extractora cortina de 3 lados\u00bb][list_item title=\u00bbControl autom\u00e1tico de llenado\u00bb][list_item title=\u00bbControlador de pedal\u00bb][list_item title=\u00bbTemporizador de inmersi\u00f3n\u00bb][\/list][vc_column_text]<\/p>\n<p style=\"text-align: left;\">\n<div\n\tclass=\"yith-ywraq-add-to-quote add-to-quote-4982\" >\n\t\t<div class=\"yith-ywraq-add-button show\" style=\"display:block\"  data-product_id=\"4982\">\n\t\t\n<a href=\"#\" class=\"add-request-quote-button button\" data-product_id=\"4982\" data-wp_nonce=\"c24b09293a\" >\n\t\t\t\tA\u00f1adir a la cita\t<\/a>\n\t<\/div>\n\t<div\n\t\tclass=\"yith_ywraq_add_item_product-response-4982 yith_ywraq_add_item_product_message hide hide-when-removed\"\n\t\tstyle=\"display:none\" data-product_id=\"4982\"><\/div>\n\t<div\n\t\tclass=\"yith_ywraq_add_item_response-4982 yith_ywraq_add_item_response_message hide hide-when-removed\"\n\t\tdata-product_id=\"4982\"\n\t\tstyle=\"display:none\">Este producto ya est\u00e1 en su lista de cotizaciones.<\/div>\n\t<div\n\t\tclass=\"yith_ywraq_add_item_browse-list-4982 yith_ywraq_add_item_browse_message  hide hide-when-removed\"\n\t\tstyle=\"display:none\"\n\t\tdata-product_id=\"4982\"><a\n\t\t\thref=\"https:\/\/henkovac.com\/wishlist\/\">Ver lista de citas<\/a><\/div>\n\n<\/div>\n\n<div class=\"clear\"><\/div>\n<p>[\/vc_column_text][\/vc_column][\/vc_row][vc_row full_width=\u00bb\u00bb parallax=\u00bb\u00bb parallax_image=\u00bb\u00bb][vc_column width=\u00bb1\/3&#8243; css=\u00bb.vc_custom_1568118419395{border-top-width: 1px !important;border-top-color: #d1d1d1 !important;border-top-style: solid !important;}\u00bb][vc_empty_space][vc_custom_heading text=\u00bbCertificado CE y ETL\u00bb font_container=\u00bbtag:h2|font_size:22|text_align:left\u00bb use_theme_fonts=\u00bbyes\u00bb][vc_empty_space height=\u00bb15&#8243;][vc_column_text]<\/p>\n<div class=\"col-lg-4\">\n<div class=\"media\">\n<div class=\"media__content\">\n<p>El equipo Henkovac est\u00e1 certificado por ETL y cumple con las normas UL, NSF y CE.<\/p>\n<\/div>\n<\/div>\n<\/div>\n<div class=\"col-lg-4\">\n<div class=\"media\">\n<div class=\"media__icon\"><\/div>\n<\/div>\n<\/div>\n<p>[\/vc_column_text][\/vc_column][vc_column width=\u00bb1\/3&#8243; css=\u00bb.vc_custom_1568118428707{border-top-width: 1px !important;border-top-color: #d8d8d8 !important;border-top-style: solid !important;}\u00bb][vc_empty_space][vc_custom_heading text=\u00bbBomba Busch\u00bb font_container=\u00bbtag:h2|font_size:22|text_align:left|color:%234c4c4c\u00bb use_theme_fonts=\u00bbyes\u00bb][vc_empty_space height=\u00bb15&#8243;][vc_column_text]<\/p>\n<div class=\"col-lg-4\">\n<div class=\"media\">\n<div class=\"media__content\">\n<p>Todas las m\u00e1quinas de Henkovac est\u00e1n equipadas con una bomba de vac\u00edo Busch<\/p>\n<\/div>\n<\/div>\n<\/div>\n<p>[\/vc_column_text][\/vc_column][vc_column width=\u00bb1\/3&#8243; css=\u00bb.vc_custom_1568118438842{border-top-width: 1px !important;border-top-color: #dddddd !important;border-top-style: solid !important;}\u00bb][vc_empty_space][vc_custom_heading text=\u00bbOpciones\u00bb font_container=\u00bbtag:h2|font_size:22|text_align:left|color:%234c4c4c\u00bb use_theme_fonts=\u00bbyes\u00bb][vc_empty_space height=\u00bb15&#8243;][vc_column_text]<\/p>\n<div class=\"col-lg-4\">\n<div class=\"media\">\n<div class=\"media__content\">\n<p>Todas las m\u00e1quinas de Henkovac est\u00e1n disponibles con varias opciones<\/p>\n<\/div>\n<\/div>\n<\/div>\n<p>[\/vc_column_text][\/vc_column][\/vc_row][vc_row type=\u00bbfull_width_background\u00bb bg_color=\u00bb#00b4d8&#8243; text_color=\u00bblight\u00bb top_padding=\u00bb35&#8243; bottom_padding=\u00bb35&#8243;][vc_column background_color=\u00bb#00b4d8&#8243;][textbar button_title=\u00bbCONTACTE CON NUESTRO ESPECIALISTA\u00bb button_link=\u00bbhttps:\/\/henkovac.com\/sales\/\u00bb icon=\u00bbsteadysets-icon-type\u00bb]<\/p>\n<p style=\"text-align: left;\">\u00bfTiene alguna pregunta sobre nuestros tanques de inmersi\u00f3n?<\/p>\n<p>[\/textbar][\/vc_column][\/vc_row][vc_row type=\u00bbfull_width_content\u00bb bg_image=\u00bb2610&#8243; bg_color=\u00bb#6d6d6d\u00bb top_padding=\u00bb0&#8243;][vc_column width=\u00bb1\/2&#8243; centered_cont=\u00bbtrue\u00bb background_image=\u00bb6388&#8243;][vc_column_text]<br \/>\n[\/vc_column_text][\/vc_column][vc_column width=\u00bb1\/2&#8243; column_padding=\u00bb4%\u00bb css=\u00bb.vc_custom_1569432155691{background-color: #142831 !important;}\u00bb][vc_empty_space height=\u00bb100&#8243;][vc_custom_heading text=\u00bb\u00abEl tanque de inmersi\u00f3n autom\u00e1tica completo me da m\u00e1s control sobre la calidad\u00ab\u00bb font_container=\u00bbtag:h2|font_size:40|text_align:left|color:%23ffffff|line_height:1.2&#8243; google_fonts=\u00bbfont_family:Merriweather%3A300%2C300italic%2Cregular%2Citalic%2C700%2C700italic%2C900%2C900italic|font_style:300%20light%20italic%3A300%3Aitalic\u00bb][vc_empty_space height=\u00bb100&#8243;][\/vc_column][\/vc_row][vc_row equal_height=\u00bbyes\u00bb type=\u00bbfull_width_background\u00bb class=\u00bbkolomOver\u00bb][vc_column width=\u00bb1\/3&#8243; el_class=\u00bbkolomOver\u00bb][services_medium title=\u00bbINDUSTRIA C\u00c1RNICA\u00bb style=\u00bbstyle_3&#8243; icon=\u00bbsteadysets-icon-bones\u00bb icon_color=\u00bb#00b4d8&#8243; border_color=\u00bb#00b4d8&#8243; dynamic_content_link=\u00bbhttps:\/\/henkovac.com\/markets\/meat-processing-industry\/\u00bb]Envases de alta calidad para mejorar sus clientes.[\/services_medium][\/vc_column][vc_column width=\u00bb1\/3&#8243; el_class=\u00bbkolomOver\u00bb][services_medium title=\u00bbPROCESAMIENTO DE ALIMENTOS\u00bb style=\u00bbstyle_3&#8243; icon=\u00bblinecon-icon-food\u00bb icon_color=\u00bb#00b4d8&#8243; border_color=\u00bb#00b4d8&#8243; dynamic_content_link=\u00bbhttps:\/\/henkovac.com\/markets\/food-processing-industry\/\u00bb]Optimizaci\u00f3n y flexibilidad en todo tipo de procesamiento de alimentos.[\/services_medium][\/vc_column][vc_column width=\u00bb1\/3&#8243; el_class=\u00bbkolomOver\u00bb][services_medium title=\u00bbINDUSTRIA NO ALIMENTARIA\u00bb style=\u00bbstyle_3&#8243; icon=\u00bbsteadysets-icon-lab\u00bb icon_color=\u00bb#00b4d8&#8243; border_color=\u00bb#00b4d8&#8243; dynamic_content_link=\u00bbhttps:\/\/henkovac.com\/markets\/non-food-industry\/\u00bb]Protecci\u00f3n \u00f3ptima contra la suciedad, el polvo y la humedad.[\/services_medium][\/vc_column][\/vc_row][vc_row type=\u00bbfull_width_content\u00bb][vc_column background_color=\u00bb#007cc2&#8243; background_color_opacity=\u00bb0.75&#8243;][vc_empty_space][vc_custom_heading text=\u00bbLA PRIMERA OPCI\u00d3N PARA PROFESIONALES DE TODO EL MUNDO\u00bb font_container=\u00bbtag:h2|font_size:35|text_align:center|color:%23ffffff|line_height:1.25&#8243; use_theme_fonts=\u00bbyes\u00bb][vc_empty_space][\/vc_column][\/vc_row]<\/p>\n","protected":false},"excerpt":{"rendered":"<p>[vc_row type=\u00bbfull_width_background\u00bb bg_color=\u00bb#f9f9f9&#8243;][vc_column][vc_row_inner][vc_column_inner][vc_custom_heading text=\u00bbPara empaques de encogimiento\u00bb font_container=\u00bbtag:h2|font_size:16|text_align:center|color:%235e5e5e|line_height:1.2&#8243; use_theme_fonts=\u00bbyes\u00bb css=\u00bb.vc_custom_1586770231278{margin-top: -35px !important;}\u00bb][vc_empty_space height=\u00bb20&#8243;][vc_custom_heading text=\u00bbTANQUES DE INMERSI\u00d3N ADT 60-80 HENKOVAC\u00bb font_container=\u00bbtag:h1|font_size:40|text_align:center|color:%23494949|line_height:1.1&#8243; use_theme_fonts=\u00bbyes\u00bb][vc_empty_space height=\u00bb20&#8243;][vc_text_separator title=\u00bbTANQUE INMERSI\u00d3N AUTOM.CONTROL POR SENSOR DE LUZ\u00bb css=\u00bb.vc_custom_1586770346554{margin-bottom: -35px !important;}\u00bb][\/vc_column_inner][\/vc_row_inner][\/vc_column][\/vc_row][vc_row type=\u00bbfull_width_background\u00bb bg_color=\u00bb#f3f5f4&#8243; full_width=\u00bb\u00bb parallax=\u00bb\u00bb parallax_image=\u00bb\u00bb][vc_column width=\u00bb1\/4&#8243;][vc_column_text] Dimensiones de la m\u00e1quina: 1050 x 700 x 1550 mm Plataforma de inmersi\u00f3n: 570 x 400 mm [&hellip;]<\/p>\n","protected":false},"author":7,"featured_media":3902,"parent":10009,"menu_order":0,"comment_status":"closed","ping_status":"closed","template":"","meta":{"_monsterinsights_skip_tracking":false,"_monsterinsights_sitenote_active":false,"_monsterinsights_sitenote_note":"","_monsterinsights_sitenote_category":0,"footnotes":""},"class_list":["post-10004","page","type-page","status-publish","has-post-thumbnail","hentry"],"yoast_head":"<!-- This site is optimized with the Yoast SEO plugin v25.7 - https:\/\/yoast.com\/wordpress\/plugins\/seo\/ -->\n<title>Tanques de inmersi\u00f3n control autom\u00e1tico | Henkovac - International<\/title>\n<meta name=\"description\" content=\"El control autom\u00e1tico es la caracter\u00edstica principal del tanque de inmersi\u00f3n de acero inoxidable ADT-60-80. Incluye una plataforma con rodillos para cargar y descargar f\u00e1cilmente\" \/>\n<meta name=\"robots\" content=\"index, follow, max-snippet:-1, max-image-preview:large, max-video-preview:-1\" \/>\n<link rel=\"canonical\" href=\"https:\/\/henkovac.com\/es\/soluciones-de-empaque\/tanque-de-inmersion\/adt-60-80-control-automatico\/\" \/>\n<meta property=\"og:locale\" content=\"es_ES\" \/>\n<meta property=\"og:type\" content=\"article\" \/>\n<meta property=\"og:title\" content=\"Tanques de inmersi\u00f3n control autom\u00e1tico | Henkovac - International\" \/>\n<meta property=\"og:description\" content=\"El control autom\u00e1tico es la caracter\u00edstica principal del tanque de inmersi\u00f3n de acero inoxidable ADT-60-80. Incluye una plataforma con rodillos para cargar y descargar f\u00e1cilmente\" \/>\n<meta property=\"og:url\" content=\"https:\/\/henkovac.com\/es\/soluciones-de-empaque\/tanque-de-inmersion\/adt-60-80-control-automatico\/\" \/>\n<meta property=\"og:site_name\" content=\"HENKOVAC\" \/>\n<meta property=\"article:modified_time\" content=\"2020-04-27T10:26:43+00:00\" \/>\n<meta property=\"og:image\" content=\"https:\/\/henkovac.com\/wp-content\/uploads\/2019\/10\/TT-zoom3940.jpg\" \/>\n\t<meta property=\"og:image:width\" content=\"1000\" \/>\n\t<meta property=\"og:image:height\" content=\"1064\" \/>\n\t<meta property=\"og:image:type\" content=\"image\/jpeg\" \/>\n<meta name=\"twitter:card\" content=\"summary_large_image\" \/>\n<meta name=\"twitter:label1\" content=\"Tiempo de lectura\" \/>\n\t<meta name=\"twitter:data1\" content=\"5 minutos\" \/>\n<script type=\"application\/ld+json\" class=\"yoast-schema-graph\">{\"@context\":\"https:\/\/schema.org\",\"@graph\":[{\"@type\":\"WebPage\",\"@id\":\"https:\/\/henkovac.com\/es\/soluciones-de-empaque\/tanque-de-inmersion\/adt-60-80-control-automatico\/\",\"url\":\"https:\/\/henkovac.com\/es\/soluciones-de-empaque\/tanque-de-inmersion\/adt-60-80-control-automatico\/\",\"name\":\"Tanques de inmersi\u00f3n control autom\u00e1tico | Henkovac - International\",\"isPartOf\":{\"@id\":\"https:\/\/henkovac.com\/es\/#website\"},\"primaryImageOfPage\":{\"@id\":\"https:\/\/henkovac.com\/es\/soluciones-de-empaque\/tanque-de-inmersion\/adt-60-80-control-automatico\/#primaryimage\"},\"image\":{\"@id\":\"https:\/\/henkovac.com\/es\/soluciones-de-empaque\/tanque-de-inmersion\/adt-60-80-control-automatico\/#primaryimage\"},\"thumbnailUrl\":\"https:\/\/henkovac.com\/wp-content\/uploads\/2019\/10\/TT-zoom3940.jpg\",\"datePublished\":\"2019-11-09T18:21:56+00:00\",\"dateModified\":\"2020-04-27T10:26:43+00:00\",\"description\":\"El control autom\u00e1tico es la caracter\u00edstica principal del tanque de inmersi\u00f3n de acero inoxidable ADT-60-80. Incluye una plataforma con rodillos para cargar y descargar f\u00e1cilmente\",\"breadcrumb\":{\"@id\":\"https:\/\/henkovac.com\/es\/soluciones-de-empaque\/tanque-de-inmersion\/adt-60-80-control-automatico\/#breadcrumb\"},\"inLanguage\":\"es\",\"potentialAction\":[{\"@type\":\"ReadAction\",\"target\":[\"https:\/\/henkovac.com\/es\/soluciones-de-empaque\/tanque-de-inmersion\/adt-60-80-control-automatico\/\"]}]},{\"@type\":\"ImageObject\",\"inLanguage\":\"es\",\"@id\":\"https:\/\/henkovac.com\/es\/soluciones-de-empaque\/tanque-de-inmersion\/adt-60-80-control-automatico\/#primaryimage\",\"url\":\"https:\/\/henkovac.com\/wp-content\/uploads\/2019\/10\/TT-zoom3940.jpg\",\"contentUrl\":\"https:\/\/henkovac.com\/wp-content\/uploads\/2019\/10\/TT-zoom3940.jpg\",\"width\":1000,\"height\":1064,\"caption\":\"Tabletop detail Food processing industry\"},{\"@type\":\"BreadcrumbList\",\"@id\":\"https:\/\/henkovac.com\/es\/soluciones-de-empaque\/tanque-de-inmersion\/adt-60-80-control-automatico\/#breadcrumb\",\"itemListElement\":[{\"@type\":\"ListItem\",\"position\":1,\"name\":\"Home\",\"item\":\"https:\/\/henkovac.com\/es\/\"},{\"@type\":\"ListItem\",\"position\":2,\"name\":\"Soluciones de empaque\",\"item\":\"https:\/\/henkovac.com\/es\/soluciones-de-empaque\/\"},{\"@type\":\"ListItem\",\"position\":3,\"name\":\"Tanque de Inmersio\u0301n\",\"item\":\"https:\/\/henkovac.com\/es\/soluciones-de-empaque\/tanque-de-inmersion\/\"},{\"@type\":\"ListItem\",\"position\":4,\"name\":\"ADT-60-80 control autom\u00e1tico\"}]},{\"@type\":\"WebSite\",\"@id\":\"https:\/\/henkovac.com\/es\/#website\",\"url\":\"https:\/\/henkovac.com\/es\/\",\"name\":\"HENKOVAC\",\"description\":\"Vacuum Packaging Machines\",\"potentialAction\":[{\"@type\":\"SearchAction\",\"target\":{\"@type\":\"EntryPoint\",\"urlTemplate\":\"https:\/\/henkovac.com\/es\/?s={search_term_string}\"},\"query-input\":{\"@type\":\"PropertyValueSpecification\",\"valueRequired\":true,\"valueName\":\"search_term_string\"}}],\"inLanguage\":\"es\"}]}<\/script>\n<!-- \/ Yoast SEO plugin. -->","yoast_head_json":{"title":"Tanques de inmersi\u00f3n control autom\u00e1tico | Henkovac - International","description":"El control autom\u00e1tico es la caracter\u00edstica principal del tanque de inmersi\u00f3n de acero inoxidable ADT-60-80. Incluye una plataforma con rodillos para cargar y descargar f\u00e1cilmente","robots":{"index":"index","follow":"follow","max-snippet":"max-snippet:-1","max-image-preview":"max-image-preview:large","max-video-preview":"max-video-preview:-1"},"canonical":"https:\/\/henkovac.com\/es\/soluciones-de-empaque\/tanque-de-inmersion\/adt-60-80-control-automatico\/","og_locale":"es_ES","og_type":"article","og_title":"Tanques de inmersi\u00f3n control autom\u00e1tico | Henkovac - International","og_description":"El control autom\u00e1tico es la caracter\u00edstica principal del tanque de inmersi\u00f3n de acero inoxidable ADT-60-80. Incluye una plataforma con rodillos para cargar y descargar f\u00e1cilmente","og_url":"https:\/\/henkovac.com\/es\/soluciones-de-empaque\/tanque-de-inmersion\/adt-60-80-control-automatico\/","og_site_name":"HENKOVAC","article_modified_time":"2020-04-27T10:26:43+00:00","og_image":[{"width":1000,"height":1064,"url":"https:\/\/henkovac.com\/wp-content\/uploads\/2019\/10\/TT-zoom3940.jpg","type":"image\/jpeg"}],"twitter_card":"summary_large_image","twitter_misc":{"Tiempo de lectura":"5 minutos"},"schema":{"@context":"https:\/\/schema.org","@graph":[{"@type":"WebPage","@id":"https:\/\/henkovac.com\/es\/soluciones-de-empaque\/tanque-de-inmersion\/adt-60-80-control-automatico\/","url":"https:\/\/henkovac.com\/es\/soluciones-de-empaque\/tanque-de-inmersion\/adt-60-80-control-automatico\/","name":"Tanques de inmersi\u00f3n control autom\u00e1tico | Henkovac - International","isPartOf":{"@id":"https:\/\/henkovac.com\/es\/#website"},"primaryImageOfPage":{"@id":"https:\/\/henkovac.com\/es\/soluciones-de-empaque\/tanque-de-inmersion\/adt-60-80-control-automatico\/#primaryimage"},"image":{"@id":"https:\/\/henkovac.com\/es\/soluciones-de-empaque\/tanque-de-inmersion\/adt-60-80-control-automatico\/#primaryimage"},"thumbnailUrl":"https:\/\/henkovac.com\/wp-content\/uploads\/2019\/10\/TT-zoom3940.jpg","datePublished":"2019-11-09T18:21:56+00:00","dateModified":"2020-04-27T10:26:43+00:00","description":"El control autom\u00e1tico es la caracter\u00edstica principal del tanque de inmersi\u00f3n de acero inoxidable ADT-60-80. Incluye una plataforma con rodillos para cargar y descargar f\u00e1cilmente","breadcrumb":{"@id":"https:\/\/henkovac.com\/es\/soluciones-de-empaque\/tanque-de-inmersion\/adt-60-80-control-automatico\/#breadcrumb"},"inLanguage":"es","potentialAction":[{"@type":"ReadAction","target":["https:\/\/henkovac.com\/es\/soluciones-de-empaque\/tanque-de-inmersion\/adt-60-80-control-automatico\/"]}]},{"@type":"ImageObject","inLanguage":"es","@id":"https:\/\/henkovac.com\/es\/soluciones-de-empaque\/tanque-de-inmersion\/adt-60-80-control-automatico\/#primaryimage","url":"https:\/\/henkovac.com\/wp-content\/uploads\/2019\/10\/TT-zoom3940.jpg","contentUrl":"https:\/\/henkovac.com\/wp-content\/uploads\/2019\/10\/TT-zoom3940.jpg","width":1000,"height":1064,"caption":"Tabletop detail Food processing industry"},{"@type":"BreadcrumbList","@id":"https:\/\/henkovac.com\/es\/soluciones-de-empaque\/tanque-de-inmersion\/adt-60-80-control-automatico\/#breadcrumb","itemListElement":[{"@type":"ListItem","position":1,"name":"Home","item":"https:\/\/henkovac.com\/es\/"},{"@type":"ListItem","position":2,"name":"Soluciones de empaque","item":"https:\/\/henkovac.com\/es\/soluciones-de-empaque\/"},{"@type":"ListItem","position":3,"name":"Tanque de Inmersio\u0301n","item":"https:\/\/henkovac.com\/es\/soluciones-de-empaque\/tanque-de-inmersion\/"},{"@type":"ListItem","position":4,"name":"ADT-60-80 control autom\u00e1tico"}]},{"@type":"WebSite","@id":"https:\/\/henkovac.com\/es\/#website","url":"https:\/\/henkovac.com\/es\/","name":"HENKOVAC","description":"Vacuum Packaging Machines","potentialAction":[{"@type":"SearchAction","target":{"@type":"EntryPoint","urlTemplate":"https:\/\/henkovac.com\/es\/?s={search_term_string}"},"query-input":{"@type":"PropertyValueSpecification","valueRequired":true,"valueName":"search_term_string"}}],"inLanguage":"es"}]}},"_links":{"self":[{"href":"https:\/\/henkovac.com\/es\/wp-json\/wp\/v2\/pages\/10004","targetHints":{"allow":["GET"]}}],"collection":[{"href":"https:\/\/henkovac.com\/es\/wp-json\/wp\/v2\/pages"}],"about":[{"href":"https:\/\/henkovac.com\/es\/wp-json\/wp\/v2\/types\/page"}],"author":[{"embeddable":true,"href":"https:\/\/henkovac.com\/es\/wp-json\/wp\/v2\/users\/7"}],"replies":[{"embeddable":true,"href":"https:\/\/henkovac.com\/es\/wp-json\/wp\/v2\/comments?post=10004"}],"version-history":[{"count":4,"href":"https:\/\/henkovac.com\/es\/wp-json\/wp\/v2\/pages\/10004\/revisions"}],"predecessor-version":[{"id":10359,"href":"https:\/\/henkovac.com\/es\/wp-json\/wp\/v2\/pages\/10004\/revisions\/10359"}],"up":[{"embeddable":true,"href":"https:\/\/henkovac.com\/es\/wp-json\/wp\/v2\/pages\/10009"}],"wp:featuredmedia":[{"embeddable":true,"href":"https:\/\/henkovac.com\/es\/wp-json\/wp\/v2\/media\/3902"}],"wp:attachment":[{"href":"https:\/\/henkovac.com\/es\/wp-json\/wp\/v2\/media?parent=10004"}],"curies":[{"name":"wp","href":"https:\/\/api.w.org\/{rel}","templated":true}]}}