{"id":10447,"date":"2019-10-07T14:08:20","date_gmt":"2019-10-07T13:08:20","guid":{"rendered":"https:\/\/henkovac.com\/markte\/gastronomy\/"},"modified":"2020-05-22T09:48:43","modified_gmt":"2020-05-22T08:48:43","slug":"gastronomie","status":"publish","type":"page","link":"https:\/\/henkovac.com\/de\/markte\/gastronomie\/","title":{"rendered":"Gastronomie"},"content":{"rendered":"<p>[vc_row type=&#8220;full_width_content&#8220; bg_image=&#8220;2610&#8243; top_padding=&#8220;0&#8243;][vc_column width=&#8220;1\/2&#8243; background_image=&#8220;3459&#8243;][vc_column_text]<br \/>\n[\/vc_column_text][\/vc_column][vc_column width=&#8220;1\/2&#8243; column_padding=&#8220;4%&#8220; background_color=&#8220;#f2f2f2&#8243; css=&#8220;.vc_custom_1570452007389{background-color: #f8f8f8 !important;}&#8220;][vc_empty_space height=&#8220;75&#8243;][vc_custom_heading text=&#8220;Vakuumverpackung in der Gastronomie&#8220; font_container=&#8220;tag:h1|font_size:48px|text_align:left|color:%23444444|line_height:56px&#8220; google_fonts=&#8220;font_family:Open%20Sans%3A300%2C300italic%2Cregular%2Citalic%2C600%2C600italic%2C700%2C700italic%2C800%2C800italic|font_style:700%20bold%20regular%3A700%3Anormal&#8220;][vc_custom_heading text=&#8220;Dramatische Reduzierung der Lebensmittelkosten durch die Vakuumverpackung von portionierten Lebensmitteln&#8220; font_container=&#8220;tag:h2|font_size:34px|text_align:left|color:%23444444|line_height:44px&#8220; google_fonts=&#8220;font_family:Raleway%3A100%2C200%2C300%2Cregular%2C500%2C600%2C700%2C800%2C900|font_style:300%20light%20regular%3A300%3Anormal&#8220;][vc_empty_space][vc_column_text]Fragen Sie einen beliebigen K\u00fcchenchef, und er wird sagen, der Schl\u00fcssel zu einer gro\u00dfartigen Gastronomie sind frische Zutaten. Aber das kann teuer werden, und die K\u00f6che suchen immer nach M\u00f6glichkeiten, um zu sparen. Viele haben jetzt die Vakuumverpackung entdeckt, um Lebensmittel auf zu teilen und zu lagern, um die Frische zu erhalten und die Verschwendung in allen Arten von Gro\u00dfk\u00fcchen zu reduzieren. Mit einer professionellen Vakuumverpackungsmaschine von Henkovac kann bis zu 99,8% der Luft abgesaugt werden, sodass aerobe Bakterien nicht wachsen k\u00f6nnen. Ob Sie ein Restaurant, ein Hotel, ein Cateringunternehmen sind oder ein kleiner Einzelh\u00e4ndler,\u00a0 eine Vakuumverpackungsmaschine sollte im Zentrum Ihrer K\u00fcche stehen.[\/vc_column_text][vc_empty_space height=&#8220;75&#8243;][\/vc_column][\/vc_row][vc_row type=&#8220;full_width_content&#8220; bg_image=&#8220;2610&#8243;][vc_column width=&#8220;1\/2&#8243; background_color=&#8220;#f8f8f8&#8243; css=&#8220;.vc_custom_1570451273977{background-color: #f8f8f8 !important;}&#8220;][vc_row_inner][vc_column_inner width=&#8220;1\/3&#8243;][\/vc_column_inner][vc_column_inner width=&#8220;2\/3&#8243;][vc_empty_space height=&#8220;250&#8243;][list icon=&#8220;steadysets-icon-checkmark&#8220;][list_item title=&#8220;Vakuumkammern leicht zu reinigen, runde Ecken.&#8220;][list_item title=&#8220;Intuitive digitale Steuereinheit.&#8220;][list_item title=&#8220;Leicht entfernbare Dichtungsbalken und Silikonst\u00e4be.&#8220;][list_item title=&#8220;Transparente Produktpaletten f\u00fcr die richtige Wahl.&#8220;][\/list][vc_empty_space height=&#8220;400&#8243;][\/vc_column_inner][\/vc_row_inner][\/vc_column][vc_column width=&#8220;1\/2&#8243; background_image=&#8220;3902&#8243; offset=&#8220;vc_hidden-sm vc_hidden-xs&#8220;][vc_column_text]<br \/>\n[\/vc_column_text][\/vc_column][\/vc_row][vc_row type=&#8220;full_width_content&#8220; bg_image=&#8220;2610&#8243; top_padding=&#8220;0&#8243;][vc_column width=&#8220;1\/2&#8243; centered_cont=&#8220;true&#8220; background_image=&#8220;3900&#8243;][vc_column_text]<br \/>\n[\/vc_column_text][\/vc_column][vc_column width=&#8220;1\/2&#8243; column_padding=&#8220;4%&#8220; background_color=&#8220;#f8f8f8&#8243; css=&#8220;.vc_custom_1429527138109{background-color: #f8f8f8 !important;}&#8220;][vc_empty_space height=&#8220;100&#8243;][vc_custom_heading text=&#8220;Haltbarkeit verl\u00e4ngern&#8230;&#8220;][vc_empty_space][vc_column_text]Vakuumverpackungen in der Gastronomie verl\u00e4ngern die Haltbarkeit Ihrer Lebensmittel. Sie haben dann den Vorteil, dass Sie Ihre Produkte \u00fcber einen l\u00e4ngeren Zeitraum verwenden, verkaufen und servieren k\u00f6nnen.[\/vc_column_text][vc_empty_space height=&#8220;100&#8243;][\/vc_column][\/vc_row][vc_row type=&#8220;full_width_background&#8220; bg_color=&#8220;#f9f9f9&#8243;][vc_column][vc_column_text]<\/p>\n<h2 style=\"text-align: center;\">\u00c4hnliche Produkte<\/h2>\n<p>[\/vc_column_text][vc_empty_space][vc_row_inner el_class=&#8220;kolomOver&#8220;][vc_column_inner width=&#8220;1\/3&#8243; el_class=&#8220;kolomOver&#8220;][vc_single_image image=&#8220;5709&#8243; img_size=&#8220;full&#8220; alignment=&#8220;center&#8220; onclick=&#8220;custom_link&#8220; link=&#8220;https:\/\/henkovac.com\/de\/vakuummaschinen\/tischgerate-modelle\/&#8220;][vc_custom_heading text=&#8220;TISCHGER\u00c4TE MODELLE&#8220; font_container=&#8220;tag:h2|font_size:24|text_align:center|line_height:1&#8243; use_theme_fonts=&#8220;yes&#8220; link=&#8220;|||&#8220;][vc_column_text]<\/p>\n<p style=\"text-align: center;\"><span style=\"color: #00b4d8;\"><a style=\"color: #00b4d8;\" href=\"https:\/\/henkovac.com\/de\/vakuummaschinen\/tischgerate-modelle\/tischgerate-t2\/\">T2<\/a> &#8211; <a style=\"color: #00b4d8;\" href=\"https:\/\/henkovac.com\/de\/vakuummaschinen\/tischgerate-modelle\/tischgerate-t3\/\">T3<\/a> &#8211;<a style=\"color: #00b4d8;\" href=\"https:\/\/henkovac.com\/de\/vakuummaschinen\/tischgerate-modelle\/tischgerate-t4\/\">T4<\/a> &#8211; <a style=\"color: #00b4d8;\" href=\"https:\/\/henkovac.com\/de\/vakuummaschinen\/tischgerate-modelle\/tischgerate-t5\/\">T5<\/a> &#8211; <a style=\"color: #00b4d8;\" href=\"https:\/\/henkovac.com\/de\/vakuummaschinen\/tischgerate-modelle\/tischgerate-t6\/\">T6<\/a><\/span><\/p>\n<p>[\/vc_column_text][\/vc_column_inner][vc_column_inner width=&#8220;1\/3&#8243; el_class=&#8220;kolomOver&#8220;][vc_single_image image=&#8220;4160&#8243; img_size=&#8220;full&#8220; alignment=&#8220;center&#8220; onclick=&#8220;custom_link&#8220; link=&#8220;https:\/\/henkovac.com\/de\/vakuummaschinen\/fahrbare-modelle\/&#8220;][vc_custom_heading text=&#8220;FAHRBARE MODELLE&#8220; font_container=&#8220;tag:h2|font_size:24|text_align:center|line_height:1&#8243; use_theme_fonts=&#8220;yes&#8220;][vc_column_text]<\/p>\n<p style=\"text-align: center;\"><span style=\"color: #00b4d8;\"><a style=\"color: #00b4d8;\" href=\"https:\/\/henkovac.com\/de\/vakuummaschinen\/fahrbare-modelle\/fahrbare-m1\/\">M1<\/a>\u00a0 &#8211; <a style=\"color: #00b4d8;\" href=\"https:\/\/henkovac.com\/de\/vakuummaschinen\/fahrbare-modelle\/fahrbare-m2\/\">M2<\/a> &#8211; <a style=\"color: #00b4d8;\" href=\"https:\/\/henkovac.com\/de\/vakuummaschinen\/fahrbare-modelle\/fahrbare-m3\/\">M3<\/a>\u00a0<\/span><\/p>\n<p>[\/vc_column_text][\/vc_column_inner][vc_column_inner width=&#8220;1\/3&#8243; background_color=&#8220;#ffffff&#8220; el_class=&#8220;kolomOver&#8220;][vc_single_image image=&#8220;4727&#8243; img_size=&#8220;full&#8220; alignment=&#8220;center&#8220; onclick=&#8220;custom_link&#8220; link=&#8220;https:\/\/henkovac.com\/de\/verpackungslosungen\/schalenziegler\/&#8220;][vc_custom_heading text=&#8220;SCHALENZIEGLER MODELLE&#8220; font_container=&#8220;tag:h2|font_size:24|text_align:center|line_height:1&#8243; use_theme_fonts=&#8220;yes&#8220;][vc_column_text]<\/p>\n<p style=\"text-align: center;\"><span style=\"color: #00b4d8;\"><a style=\"color: #00b4d8;\" href=\"https:\/\/henkovac.com\/de\/verpackungslosungen\/schalenziegler\/schalenziegler-tps-mini\/\">TPS MINI<\/a> &#8211; <a style=\"color: #00b4d8;\" href=\"https:\/\/henkovac.com\/de\/verpackungslosungen\/schalenziegler\/schalenziegler-tps-xl\/\">TPS XL<\/a><\/span><\/p>\n<p>[\/vc_column_text][\/vc_column_inner][\/vc_row_inner][vc_empty_space][\/vc_column][\/vc_row][vc_row equal_height=&#8220;yes&#8220; type=&#8220;full_width_background&#8220; class=&#8220;kolomOver&#8220;][vc_column width=&#8220;1\/3&#8243; el_class=&#8220;kolomOver&#8220;][services_medium title=&#8220;FLEISCHINDUSTRIE&#8220; style=&#8220;style_3&#8243; icon=&#8220;steadysets-icon-bones&#8220; icon_color=&#8220;#00b4d8&#8243; border_color=&#8220;#00b4d8&#8243; dynamic_content_link=&#8220;https:\/\/henkovac.com\/de\/markte\/fleischverarbeitungsindustrie\/&#8220;]Hochwertige Verpackungen zur Verbesserung.[\/services_medium][\/vc_column][vc_column width=&#8220;1\/3&#8243; el_class=&#8220;kolomOver&#8220;][services_medium title=&#8220;LEBENSMITTELVERARBEITUNG&#8220; style=&#8220;style_3&#8243; icon=&#8220;linecon-icon-food&#8220; icon_color=&#8220;#00b4d8&#8243; border_color=&#8220;#00b4d8&#8243; dynamic_content_link=&#8220;https:\/\/henkovac.com\/de\/markte\/lebensmittelverarbeitungsindustrie\/&#8220;]Optimalisierung und Flexibilit\u00e4t in allen Arten der Lebensmittelverarbeitung.[\/services_medium][\/vc_column][vc_column width=&#8220;1\/3&#8243; el_class=&#8220;kolomOver&#8220;][services_medium title=&#8220;NON-FOOD-INDUSTRIE&#8220; style=&#8220;style_3&#8243; icon=&#8220;steadysets-icon-lab&#8220; icon_color=&#8220;#00b4d8&#8243; border_color=&#8220;#00b4d8&#8243; dynamic_content_link=&#8220;https:\/\/henkovac.com\/de\/markte\/non-food-industrie\/&#8220;]Optimaler Schutz gegen Schmutz, Staub und Feuchtigkeit.[\/services_medium][\/vc_column][\/vc_row][vc_row type=&#8220;full_width_content&#8220; class=&#8220;noPaddingMobile&#8220;][vc_column background_color=&#8220;#007cc2&#8243; background_color_opacity=&#8220;0.75&#8243;][vc_empty_space][vc_custom_heading text=&#8220;ERSTE WAHL F\u00dcR FACHLEUTE WELTWEIT&#8220; font_container=&#8220;tag:h2|font_size:35|text_align:center|color:%23ffffff|line_height:1.25&#8243; use_theme_fonts=&#8220;yes&#8220;][vc_empty_space][\/vc_column][\/vc_row]<\/p>\n","protected":false},"excerpt":{"rendered":"<p>[vc_row type=&#8220;full_width_content&#8220; bg_image=&#8220;2610&#8243; top_padding=&#8220;0&#8243;][vc_column width=&#8220;1\/2&#8243; background_image=&#8220;3459&#8243;][vc_column_text] [\/vc_column_text][\/vc_column][vc_column width=&#8220;1\/2&#8243; column_padding=&#8220;4%&#8220; background_color=&#8220;#f2f2f2&#8243; css=&#8220;.vc_custom_1570452007389{background-color: #f8f8f8 !important;}&#8220;][vc_empty_space height=&#8220;75&#8243;][vc_custom_heading text=&#8220;Vakuumverpackung in der Gastronomie&#8220; font_container=&#8220;tag:h1|font_size:48px|text_align:left|color:%23444444|line_height:56px&#8220; google_fonts=&#8220;font_family:Open%20Sans%3A300%2C300italic%2Cregular%2Citalic%2C600%2C600italic%2C700%2C700italic%2C800%2C800italic|font_style:700%20bold%20regular%3A700%3Anormal&#8220;][vc_custom_heading text=&#8220;Dramatische Reduzierung der Lebensmittelkosten durch die Vakuumverpackung von portionierten Lebensmitteln&#8220; font_container=&#8220;tag:h2|font_size:34px|text_align:left|color:%23444444|line_height:44px&#8220; google_fonts=&#8220;font_family:Raleway%3A100%2C200%2C300%2Cregular%2C500%2C600%2C700%2C800%2C900|font_style:300%20light%20regular%3A300%3Anormal&#8220;][vc_empty_space][vc_column_text]Fragen Sie einen beliebigen K\u00fcchenchef, und er wird sagen, der Schl\u00fcssel zu einer gro\u00dfartigen Gastronomie sind frische Zutaten. Aber das kann teuer werden, und [&hellip;]<\/p>\n","protected":false},"author":7,"featured_media":3902,"parent":10440,"menu_order":0,"comment_status":"closed","ping_status":"closed","template":"","meta":{"_monsterinsights_skip_tracking":false,"_monsterinsights_sitenote_active":false,"_monsterinsights_sitenote_note":"","_monsterinsights_sitenote_category":0,"footnotes":""},"class_list":["post-10447","page","type-page","status-publish","has-post-thumbnail","hentry"],"yoast_head":"<!-- This site is optimized with the Yoast SEO plugin v25.7 - https:\/\/yoast.com\/wordpress\/plugins\/seo\/ -->\n<title>Vakuumverpackung f\u00fcr die Gastronomie | Henkovac International<\/title>\n<meta name=\"description\" content=\"Beginnen Sie mit der Optimierung Ihrer Gro\u00dfk\u00fcche in der Gastronomie. Vakuumverpackungssortiment f\u00fcr Restaurants, Hotels, Caterer und kleine Einzelh\u00e4ndler.\" \/>\n<meta name=\"robots\" content=\"index, follow, max-snippet:-1, max-image-preview:large, max-video-preview:-1\" \/>\n<link rel=\"canonical\" href=\"https:\/\/henkovac.com\/de\/markte\/gastronomie\/\" \/>\n<meta property=\"og:locale\" content=\"de_DE\" \/>\n<meta property=\"og:type\" content=\"article\" \/>\n<meta property=\"og:title\" content=\"Vakuumverpackung f\u00fcr die Gastronomie | Henkovac International\" \/>\n<meta property=\"og:description\" content=\"Beginnen Sie mit der Optimierung Ihrer Gro\u00dfk\u00fcche in der Gastronomie. Vakuumverpackungssortiment f\u00fcr Restaurants, Hotels, Caterer und kleine Einzelh\u00e4ndler.\" \/>\n<meta property=\"og:url\" content=\"https:\/\/henkovac.com\/de\/markte\/gastronomie\/\" \/>\n<meta property=\"og:site_name\" content=\"HENKOVAC\" \/>\n<meta property=\"article:modified_time\" content=\"2020-05-22T08:48:43+00:00\" \/>\n<meta property=\"og:image\" content=\"https:\/\/henkovac.com\/wp-content\/uploads\/2019\/10\/TT-zoom3940.jpg\" \/>\n\t<meta property=\"og:image:width\" content=\"1000\" \/>\n\t<meta property=\"og:image:height\" content=\"1064\" \/>\n\t<meta property=\"og:image:type\" content=\"image\/jpeg\" \/>\n<meta name=\"twitter:card\" content=\"summary_large_image\" \/>\n<meta name=\"twitter:label1\" content=\"Gesch\u00e4tzte Lesezeit\" \/>\n\t<meta name=\"twitter:data1\" content=\"5\u00a0Minuten\" \/>\n<script type=\"application\/ld+json\" class=\"yoast-schema-graph\">{\"@context\":\"https:\/\/schema.org\",\"@graph\":[{\"@type\":\"WebPage\",\"@id\":\"https:\/\/henkovac.com\/de\/markte\/gastronomie\/\",\"url\":\"https:\/\/henkovac.com\/de\/markte\/gastronomie\/\",\"name\":\"Vakuumverpackung f\u00fcr die Gastronomie | Henkovac International\",\"isPartOf\":{\"@id\":\"https:\/\/henkovac.com\/de\/#website\"},\"primaryImageOfPage\":{\"@id\":\"https:\/\/henkovac.com\/de\/markte\/gastronomie\/#primaryimage\"},\"image\":{\"@id\":\"https:\/\/henkovac.com\/de\/markte\/gastronomie\/#primaryimage\"},\"thumbnailUrl\":\"https:\/\/henkovac.com\/wp-content\/uploads\/2019\/10\/TT-zoom3940.jpg\",\"datePublished\":\"2019-10-07T13:08:20+00:00\",\"dateModified\":\"2020-05-22T08:48:43+00:00\",\"description\":\"Beginnen Sie mit der Optimierung Ihrer Gro\u00dfk\u00fcche in der Gastronomie. Vakuumverpackungssortiment f\u00fcr Restaurants, Hotels, Caterer und kleine Einzelh\u00e4ndler.\",\"breadcrumb\":{\"@id\":\"https:\/\/henkovac.com\/de\/markte\/gastronomie\/#breadcrumb\"},\"inLanguage\":\"de\",\"potentialAction\":[{\"@type\":\"ReadAction\",\"target\":[\"https:\/\/henkovac.com\/de\/markte\/gastronomie\/\"]}]},{\"@type\":\"ImageObject\",\"inLanguage\":\"de\",\"@id\":\"https:\/\/henkovac.com\/de\/markte\/gastronomie\/#primaryimage\",\"url\":\"https:\/\/henkovac.com\/wp-content\/uploads\/2019\/10\/TT-zoom3940.jpg\",\"contentUrl\":\"https:\/\/henkovac.com\/wp-content\/uploads\/2019\/10\/TT-zoom3940.jpg\",\"width\":1000,\"height\":1064,\"caption\":\"Tabletop detail Food processing industry\"},{\"@type\":\"BreadcrumbList\",\"@id\":\"https:\/\/henkovac.com\/de\/markte\/gastronomie\/#breadcrumb\",\"itemListElement\":[{\"@type\":\"ListItem\",\"position\":1,\"name\":\"Home\",\"item\":\"https:\/\/henkovac.com\/de\/\"},{\"@type\":\"ListItem\",\"position\":2,\"name\":\"M\u00e4rkte\",\"item\":\"https:\/\/henkovac.com\/de\/markte\/\"},{\"@type\":\"ListItem\",\"position\":3,\"name\":\"Gastronomie\"}]},{\"@type\":\"WebSite\",\"@id\":\"https:\/\/henkovac.com\/de\/#website\",\"url\":\"https:\/\/henkovac.com\/de\/\",\"name\":\"HENKOVAC\",\"description\":\"Vacuum Packaging Machines\",\"potentialAction\":[{\"@type\":\"SearchAction\",\"target\":{\"@type\":\"EntryPoint\",\"urlTemplate\":\"https:\/\/henkovac.com\/de\/?s={search_term_string}\"},\"query-input\":{\"@type\":\"PropertyValueSpecification\",\"valueRequired\":true,\"valueName\":\"search_term_string\"}}],\"inLanguage\":\"de\"}]}<\/script>\n<!-- \/ Yoast SEO plugin. -->","yoast_head_json":{"title":"Vakuumverpackung f\u00fcr die Gastronomie | Henkovac International","description":"Beginnen Sie mit der Optimierung Ihrer Gro\u00dfk\u00fcche in der Gastronomie. Vakuumverpackungssortiment f\u00fcr Restaurants, Hotels, Caterer und kleine Einzelh\u00e4ndler.","robots":{"index":"index","follow":"follow","max-snippet":"max-snippet:-1","max-image-preview":"max-image-preview:large","max-video-preview":"max-video-preview:-1"},"canonical":"https:\/\/henkovac.com\/de\/markte\/gastronomie\/","og_locale":"de_DE","og_type":"article","og_title":"Vakuumverpackung f\u00fcr die Gastronomie | Henkovac International","og_description":"Beginnen Sie mit der Optimierung Ihrer Gro\u00dfk\u00fcche in der Gastronomie. Vakuumverpackungssortiment f\u00fcr Restaurants, Hotels, Caterer und kleine Einzelh\u00e4ndler.","og_url":"https:\/\/henkovac.com\/de\/markte\/gastronomie\/","og_site_name":"HENKOVAC","article_modified_time":"2020-05-22T08:48:43+00:00","og_image":[{"width":1000,"height":1064,"url":"https:\/\/henkovac.com\/wp-content\/uploads\/2019\/10\/TT-zoom3940.jpg","type":"image\/jpeg"}],"twitter_card":"summary_large_image","twitter_misc":{"Gesch\u00e4tzte Lesezeit":"5\u00a0Minuten"},"schema":{"@context":"https:\/\/schema.org","@graph":[{"@type":"WebPage","@id":"https:\/\/henkovac.com\/de\/markte\/gastronomie\/","url":"https:\/\/henkovac.com\/de\/markte\/gastronomie\/","name":"Vakuumverpackung f\u00fcr die Gastronomie | Henkovac International","isPartOf":{"@id":"https:\/\/henkovac.com\/de\/#website"},"primaryImageOfPage":{"@id":"https:\/\/henkovac.com\/de\/markte\/gastronomie\/#primaryimage"},"image":{"@id":"https:\/\/henkovac.com\/de\/markte\/gastronomie\/#primaryimage"},"thumbnailUrl":"https:\/\/henkovac.com\/wp-content\/uploads\/2019\/10\/TT-zoom3940.jpg","datePublished":"2019-10-07T13:08:20+00:00","dateModified":"2020-05-22T08:48:43+00:00","description":"Beginnen Sie mit der Optimierung Ihrer Gro\u00dfk\u00fcche in der Gastronomie. Vakuumverpackungssortiment f\u00fcr Restaurants, Hotels, Caterer und kleine Einzelh\u00e4ndler.","breadcrumb":{"@id":"https:\/\/henkovac.com\/de\/markte\/gastronomie\/#breadcrumb"},"inLanguage":"de","potentialAction":[{"@type":"ReadAction","target":["https:\/\/henkovac.com\/de\/markte\/gastronomie\/"]}]},{"@type":"ImageObject","inLanguage":"de","@id":"https:\/\/henkovac.com\/de\/markte\/gastronomie\/#primaryimage","url":"https:\/\/henkovac.com\/wp-content\/uploads\/2019\/10\/TT-zoom3940.jpg","contentUrl":"https:\/\/henkovac.com\/wp-content\/uploads\/2019\/10\/TT-zoom3940.jpg","width":1000,"height":1064,"caption":"Tabletop detail Food processing industry"},{"@type":"BreadcrumbList","@id":"https:\/\/henkovac.com\/de\/markte\/gastronomie\/#breadcrumb","itemListElement":[{"@type":"ListItem","position":1,"name":"Home","item":"https:\/\/henkovac.com\/de\/"},{"@type":"ListItem","position":2,"name":"M\u00e4rkte","item":"https:\/\/henkovac.com\/de\/markte\/"},{"@type":"ListItem","position":3,"name":"Gastronomie"}]},{"@type":"WebSite","@id":"https:\/\/henkovac.com\/de\/#website","url":"https:\/\/henkovac.com\/de\/","name":"HENKOVAC","description":"Vacuum Packaging Machines","potentialAction":[{"@type":"SearchAction","target":{"@type":"EntryPoint","urlTemplate":"https:\/\/henkovac.com\/de\/?s={search_term_string}"},"query-input":{"@type":"PropertyValueSpecification","valueRequired":true,"valueName":"search_term_string"}}],"inLanguage":"de"}]}},"_links":{"self":[{"href":"https:\/\/henkovac.com\/de\/wp-json\/wp\/v2\/pages\/10447","targetHints":{"allow":["GET"]}}],"collection":[{"href":"https:\/\/henkovac.com\/de\/wp-json\/wp\/v2\/pages"}],"about":[{"href":"https:\/\/henkovac.com\/de\/wp-json\/wp\/v2\/types\/page"}],"author":[{"embeddable":true,"href":"https:\/\/henkovac.com\/de\/wp-json\/wp\/v2\/users\/7"}],"replies":[{"embeddable":true,"href":"https:\/\/henkovac.com\/de\/wp-json\/wp\/v2\/comments?post=10447"}],"version-history":[{"count":7,"href":"https:\/\/henkovac.com\/de\/wp-json\/wp\/v2\/pages\/10447\/revisions"}],"predecessor-version":[{"id":10938,"href":"https:\/\/henkovac.com\/de\/wp-json\/wp\/v2\/pages\/10447\/revisions\/10938"}],"up":[{"embeddable":true,"href":"https:\/\/henkovac.com\/de\/wp-json\/wp\/v2\/pages\/10440"}],"wp:featuredmedia":[{"embeddable":true,"href":"https:\/\/henkovac.com\/de\/wp-json\/wp\/v2\/media\/3902"}],"wp:attachment":[{"href":"https:\/\/henkovac.com\/de\/wp-json\/wp\/v2\/media?parent=10447"}],"curies":[{"name":"wp","href":"https:\/\/api.w.org\/{rel}","templated":true}]}}